{"id":2835,"date":"2021-08-02T17:05:11","date_gmt":"2021-08-02T17:05:11","guid":{"rendered":"https:\/\/xpel.be\/?page_id=2835"},"modified":"2021-08-02T20:07:59","modified_gmt":"2021-08-02T20:07:59","slug":"aanvullende-producten","status":"publish","type":"page","link":"https:\/\/xpel.be\/fr\/produits-supplementaires\/","title":{"rendered":"Produits suppl\u00e9mentaires"},"content":{"rendered":"<div data-elementor-type=\"wp-page\" data-elementor-id=\"2835\" class=\"elementor elementor-2835\" data-elementor-post-type=\"page\">\n\t\t\t\t\t\t<section data-particle_enable=\"false\" data-particle-mobile-disabled=\"false\" class=\"elementor-section elementor-top-section elementor-element elementor-element-1fd7da4 elementor-section-height-min-height elementor-section-boxed elementor-section-height-default elementor-section-items-middle\" data-id=\"1fd7da4\" data-element_type=\"section\" data-e-type=\"section\" data-settings=\"{&quot;background_background&quot;:&quot;classic&quot;}\">\n\t\t\t\t\t\t\t<div class=\"elementor-background-overlay\"><\/div>\n\t\t\t\t\t\t\t<div class=\"elementor-container elementor-column-gap-default\">\n\t\t\t\t\t<div class=\"elementor-column elementor-col-100 elementor-top-column elementor-element elementor-element-19939734\" data-id=\"19939734\" data-element_type=\"column\" data-e-type=\"column\">\n\t\t\t<div class=\"elementor-widget-wrap elementor-element-populated\">\n\t\t\t\t\t\t<div class=\"elementor-element elementor-element-24b0f72e elementor-widget elementor-widget-heading\" data-id=\"24b0f72e\" data-element_type=\"widget\" data-e-type=\"widget\" data-widget_type=\"heading.default\">\n\t\t\t\t<div class=\"elementor-widget-container\">\n\t\t\t\t\t<h1 class=\"elementor-heading-title elementor-size-default\">Produits suppl\u00e9mentaires<\/h1>\t\t\t\t<\/div>\n\t\t\t\t<\/div>\n\t\t\t\t\t<\/div>\n\t\t<\/div>\n\t\t\t\t\t<\/div>\n\t\t<\/section>\n\t\t\t\t<section data-particle_enable=\"false\" data-particle-mobile-disabled=\"false\" class=\"elementor-section elementor-top-section elementor-element elementor-element-7bc4999a elementor-section-boxed elementor-section-height-default elementor-section-height-default\" data-id=\"7bc4999a\" data-element_type=\"section\" data-e-type=\"section\">\n\t\t\t\t\t\t<div class=\"elementor-container elementor-column-gap-default\">\n\t\t\t\t\t<div class=\"elementor-column elementor-col-100 elementor-top-column elementor-element elementor-element-46f18d97\" data-id=\"46f18d97\" data-element_type=\"column\" data-e-type=\"column\">\n\t\t\t<div class=\"elementor-widget-wrap elementor-element-populated\">\n\t\t\t\t\t\t<div class=\"elementor-element elementor-element-656fc1fd elementor-widget elementor-widget-breadcrumbs\" data-id=\"656fc1fd\" data-element_type=\"widget\" data-e-type=\"widget\" data-widget_type=\"breadcrumbs.default\">\n\t\t\t\t<div class=\"elementor-widget-container\">\n\t\t\t\t\t<p id=\"breadcrumbs\"><span><span><a href=\"https:\/\/xpel.be\/fr\/\">loger<\/a><\/span><\/span><\/p>\t\t\t\t<\/div>\n\t\t\t\t<\/div>\n\t\t\t\t\t<\/div>\n\t\t<\/div>\n\t\t\t\t\t<\/div>\n\t\t<\/section>\n\t\t\t\t<section data-particle_enable=\"false\" data-particle-mobile-disabled=\"false\" class=\"elementor-section elementor-top-section elementor-element elementor-element-54d47fa1 elementor-section-boxed elementor-section-height-default elementor-section-height-default\" data-id=\"54d47fa1\" data-element_type=\"section\" data-e-type=\"section\">\n\t\t\t\t\t\t<div class=\"elementor-container elementor-column-gap-default\">\n\t\t\t\t\t<div class=\"elementor-column elementor-col-33 elementor-top-column elementor-element elementor-element-5c0f616e\" data-id=\"5c0f616e\" data-element_type=\"column\" data-e-type=\"column\">\n\t\t\t<div class=\"elementor-widget-wrap elementor-element-populated\">\n\t\t\t\t\t\t<div class=\"elementor-element elementor-element-514f7940 elementor-widget elementor-widget-image\" data-id=\"514f7940\" data-element_type=\"widget\" data-e-type=\"widget\" data-widget_type=\"image.default\">\n\t\t\t\t<div class=\"elementor-widget-container\">\n\t\t\t\t\t\t\t\t\t\t\t\t\t\t\t\t<a href=\"https:\/\/xpel.be\/fr\/produits-supplementaires\/suivi\/\">\n\t\t\t\t\t\t\t<img fetchpriority=\"high\" decoding=\"async\" width=\"767\" height=\"510\" src=\"https:\/\/xpel.be\/wp-content\/uploads\/2019\/05\/XPEL_Aftercare_Products_767_510.jpg\" class=\"attachment-large size-large wp-image-255\" alt=\"\" srcset=\"https:\/\/xpel.be\/wp-content\/uploads\/2019\/05\/XPEL_Aftercare_Products_767_510.jpg 767w, https:\/\/xpel.be\/wp-content\/uploads\/2019\/05\/XPEL_Aftercare_Products_767_510-300x199.jpg 300w\" sizes=\"(max-width: 767px) 100vw, 767px\" \/>\t\t\t\t\t\t\t\t<\/a>\n\t\t\t\t\t\t\t\t\t\t\t\t\t\t\t<\/div>\n\t\t\t\t<\/div>\n\t\t\t\t<div class=\"elementor-element elementor-element-4e8cb263 yellow-arrow elementor-widget elementor-widget-button\" data-id=\"4e8cb263\" data-element_type=\"widget\" data-e-type=\"widget\" data-widget_type=\"button.default\">\n\t\t\t\t<div class=\"elementor-widget-container\">\n\t\t\t\t\t\t\t\t\t<div class=\"elementor-button-wrapper\">\n\t\t\t\t\t<a class=\"elementor-button elementor-button-link elementor-size-sm\" href=\"https:\/\/xpel.be\/fr\/produits-supplementaires\/suivi\/\">\n\t\t\t\t\t\t<span class=\"elementor-button-content-wrapper\">\n\t\t\t\t\t\t<span class=\"elementor-button-icon\">\n\t\t\t\t<i aria-hidden=\"true\" class=\"fas fa-arrow-right\"><\/i>\t\t\t<\/span>\n\t\t\t\t\t\t\t\t\t<span class=\"elementor-button-text\">Produits d&#039;entretien<\/span>\n\t\t\t\t\t<\/span>\n\t\t\t\t\t<\/a>\n\t\t\t\t<\/div>\n\t\t\t\t\t\t\t\t<\/div>\n\t\t\t\t<\/div>\n\t\t\t\t\t<\/div>\n\t\t<\/div>\n\t\t\t\t<div class=\"elementor-column elementor-col-33 elementor-top-column elementor-element elementor-element-3f7dffe9\" data-id=\"3f7dffe9\" data-element_type=\"column\" data-e-type=\"column\">\n\t\t\t<div class=\"elementor-widget-wrap elementor-element-populated\">\n\t\t\t\t\t\t<div class=\"elementor-element elementor-element-2fbc96f1 elementor-widget elementor-widget-image\" data-id=\"2fbc96f1\" data-element_type=\"widget\" data-e-type=\"widget\" data-widget_type=\"image.default\">\n\t\t\t\t<div class=\"elementor-widget-container\">\n\t\t\t\t\t\t\t\t\t\t\t\t\t\t\t\t<a href=\"https:\/\/xpel.be\/fr\/produits-supplementaires\/les-serviettes\/\">\n\t\t\t\t\t\t\t<img decoding=\"async\" data-src=\"https:\/\/xpel.be\/wp-content\/uploads\/elementor\/thumbs\/wash-mitt-r1344-1-qfjg801rpj1s2aw2dsci7i5xpwewezr072ndy2nu0c.jpg\" title=\"gant de toilette-r1344\" alt=\"gant de toilette-r1344\" src=\"data:image\/svg+xml;base64,PHN2ZyB3aWR0aD0iMSIgaGVpZ2h0PSIxIiB4bWxucz0iaHR0cDovL3d3dy53My5vcmcvMjAwMC9zdmciPjwvc3ZnPg==\" class=\"lazyload\" style=\"--smush-placeholder-width: 767px; --smush-placeholder-aspect-ratio: 767\/510;\" \/>\t\t\t\t\t\t\t\t<\/a>\n\t\t\t\t\t\t\t\t\t\t\t\t\t\t\t<\/div>\n\t\t\t\t<\/div>\n\t\t\t\t<div class=\"elementor-element elementor-element-73ab29eb yellow-arrow elementor-widget elementor-widget-button\" data-id=\"73ab29eb\" data-element_type=\"widget\" data-e-type=\"widget\" data-widget_type=\"button.default\">\n\t\t\t\t<div class=\"elementor-widget-container\">\n\t\t\t\t\t\t\t\t\t<div class=\"elementor-button-wrapper\">\n\t\t\t\t\t<a class=\"elementor-button elementor-button-link elementor-size-sm\" href=\"https:\/\/xpel.be\/fr\/produits-supplementaires\/les-serviettes\/\">\n\t\t\t\t\t\t<span class=\"elementor-button-content-wrapper\">\n\t\t\t\t\t\t<span class=\"elementor-button-icon\">\n\t\t\t\t<i aria-hidden=\"true\" class=\"fas fa-arrow-right\"><\/i>\t\t\t<\/span>\n\t\t\t\t\t\t\t\t\t<span class=\"elementor-button-text\">Les serviettes<\/span>\n\t\t\t\t\t<\/span>\n\t\t\t\t\t<\/a>\n\t\t\t\t<\/div>\n\t\t\t\t\t\t\t\t<\/div>\n\t\t\t\t<\/div>\n\t\t\t\t\t<\/div>\n\t\t<\/div>\n\t\t\t\t<div class=\"elementor-column elementor-col-33 elementor-top-column elementor-element elementor-element-50321388\" data-id=\"50321388\" data-element_type=\"column\" data-e-type=\"column\">\n\t\t\t<div class=\"elementor-widget-wrap elementor-element-populated\">\n\t\t\t\t\t\t<div class=\"elementor-element elementor-element-61d8f1a5 elementor-widget elementor-widget-image\" data-id=\"61d8f1a5\" data-element_type=\"widget\" data-e-type=\"widget\" data-widget_type=\"image.default\">\n\t\t\t\t<div class=\"elementor-widget-container\">\n\t\t\t\t\t\t\t\t\t\t\t\t\t\t\t\t<a href=\"https:\/\/xpel.be\/fr\/produits-supplementaires\/paquets-de-bricolage\/\">\n\t\t\t\t\t\t\t<img decoding=\"async\" width=\"767\" height=\"510\" data-src=\"https:\/\/xpel.be\/wp-content\/uploads\/2021\/03\/XPEL-DIY-Kits.jpg\" class=\"attachment-large size-large wp-image-2294 lazyload\" alt=\"\" data-srcset=\"https:\/\/xpel.be\/wp-content\/uploads\/2021\/03\/XPEL-DIY-Kits.jpg 767w, https:\/\/xpel.be\/wp-content\/uploads\/2021\/03\/XPEL-DIY-Kits-300x199.jpg 300w\" data-sizes=\"(max-width: 767px) 100vw, 767px\" src=\"data:image\/svg+xml;base64,PHN2ZyB3aWR0aD0iMSIgaGVpZ2h0PSIxIiB4bWxucz0iaHR0cDovL3d3dy53My5vcmcvMjAwMC9zdmciPjwvc3ZnPg==\" style=\"--smush-placeholder-width: 767px; --smush-placeholder-aspect-ratio: 767\/510;\" \/>\t\t\t\t\t\t\t\t<\/a>\n\t\t\t\t\t\t\t\t\t\t\t\t\t\t\t<\/div>\n\t\t\t\t<\/div>\n\t\t\t\t<div class=\"elementor-element elementor-element-235ce6d9 yellow-arrow elementor-widget elementor-widget-button\" data-id=\"235ce6d9\" data-element_type=\"widget\" data-e-type=\"widget\" data-widget_type=\"button.default\">\n\t\t\t\t<div class=\"elementor-widget-container\">\n\t\t\t\t\t\t\t\t\t<div class=\"elementor-button-wrapper\">\n\t\t\t\t\t<a class=\"elementor-button elementor-button-link elementor-size-sm\" href=\"https:\/\/xpel.be\/fr\/produits-supplementaires\/paquets-de-bricolage\/\">\n\t\t\t\t\t\t<span class=\"elementor-button-content-wrapper\">\n\t\t\t\t\t\t<span class=\"elementor-button-icon\">\n\t\t\t\t<i aria-hidden=\"true\" class=\"fas fa-arrow-right\"><\/i>\t\t\t<\/span>\n\t\t\t\t\t\t\t\t\t<span class=\"elementor-button-text\">Faites-le vous-m\u00eame produits de protection de peinture<\/span>\n\t\t\t\t\t<\/span>\n\t\t\t\t\t<\/a>\n\t\t\t\t<\/div>\n\t\t\t\t\t\t\t\t<\/div>\n\t\t\t\t<\/div>\n\t\t\t\t\t<\/div>\n\t\t<\/div>\n\t\t\t\t\t<\/div>\n\t\t<\/section>\n\t\t\t\t<\/div>","protected":false},"excerpt":{"rendered":"<p>Produits compl\u00e9mentaires Produits d&#039;entretien Serviettes Produits de protection de peinture \u00e0 faire soi-m\u00eame<\/p>","protected":false},"author":8,"featured_media":0,"parent":0,"menu_order":0,"comment_status":"closed","ping_status":"closed","template":"elementor_header_footer","meta":{"content-type":"","footnotes":""},"class_list":["post-2835","page","type-page","status-publish"],"yoast_head":"<!-- This site is optimized with the Yoast SEO plugin v27.2 - https:\/\/yoast.com\/product\/yoast-seo-wordpress\/ -->\n<title>Aanvullende producten - XPEL Belgium<\/title>\n<meta name=\"robots\" content=\"index, follow, max-snippet:-1, max-image-preview:large, max-video-preview:-1\" \/>\n<link rel=\"canonical\" href=\"https:\/\/xpel.be\/fr\/produits-supplementaires\/\" \/>\n<meta property=\"og:locale\" content=\"fr_FR\" \/>\n<meta property=\"og:type\" content=\"article\" \/>\n<meta property=\"og:title\" content=\"Aanvullende producten - XPEL Belgium\" \/>\n<meta property=\"og:description\" content=\"Aanvullende producten Nazorgproducten Handdoeken Doe het zelf lakbeschermingsproducten\" \/>\n<meta property=\"og:url\" content=\"https:\/\/xpel.be\/fr\/produits-supplementaires\/\" \/>\n<meta property=\"og:site_name\" content=\"XPEL Belgium\" \/>\n<meta property=\"article:modified_time\" content=\"2021-08-02T20:07:59+00:00\" \/>\n<meta property=\"og:image\" content=\"https:\/\/xpel.be\/wp-content\/uploads\/2019\/05\/XPEL_Aftercare_Products_767_510.jpg\" \/>\n<meta name=\"twitter:card\" content=\"summary_large_image\" \/>\n<meta name=\"twitter:label1\" content=\"Dur\u00e9e de lecture est.\" \/>\n\t<meta name=\"twitter:data1\" content=\"1 minute\" \/>\n<script type=\"application\/ld+json\" class=\"yoast-schema-graph\">{\"@context\":\"https:\/\/schema.org\",\"@graph\":[{\"@type\":\"WebPage\",\"@id\":\"https:\/\/xpel.be\/aanvullende-producten\/\",\"url\":\"https:\/\/xpel.be\/aanvullende-producten\/\",\"name\":\"Aanvullende producten - XPEL Belgium\",\"isPartOf\":{\"@id\":\"https:\/\/xpel.be\/fr\/#website\"},\"primaryImageOfPage\":{\"@id\":\"https:\/\/xpel.be\/aanvullende-producten\/#primaryimage\"},\"image\":{\"@id\":\"https:\/\/xpel.be\/aanvullende-producten\/#primaryimage\"},\"thumbnailUrl\":\"https:\/\/xpel.be\/wp-content\/uploads\/2019\/05\/XPEL_Aftercare_Products_767_510.jpg\",\"datePublished\":\"2021-08-02T17:05:11+00:00\",\"dateModified\":\"2021-08-02T20:07:59+00:00\",\"breadcrumb\":{\"@id\":\"https:\/\/xpel.be\/aanvullende-producten\/#breadcrumb\"},\"inLanguage\":\"fr-BE\",\"potentialAction\":[{\"@type\":\"ReadAction\",\"target\":[\"https:\/\/xpel.be\/aanvullende-producten\/\"]}]},{\"@type\":\"ImageObject\",\"inLanguage\":\"fr-BE\",\"@id\":\"https:\/\/xpel.be\/aanvullende-producten\/#primaryimage\",\"url\":\"https:\/\/xpel.be\/wp-content\/uploads\/2019\/05\/XPEL_Aftercare_Products_767_510.jpg\",\"contentUrl\":\"https:\/\/xpel.be\/wp-content\/uploads\/2019\/05\/XPEL_Aftercare_Products_767_510.jpg\"},{\"@type\":\"BreadcrumbList\",\"@id\":\"https:\/\/xpel.be\/aanvullende-producten\/#breadcrumb\",\"itemListElement\":[{\"@type\":\"ListItem\",\"position\":1,\"name\":\"Huis\",\"item\":\"https:\/\/xpel.be\/\"},{\"@type\":\"ListItem\",\"position\":2,\"name\":\"Aanvullende producten\"}]},{\"@type\":\"WebSite\",\"@id\":\"https:\/\/xpel.be\/fr\/#website\",\"url\":\"https:\/\/xpel.be\/fr\/\",\"name\":\"XPEL Belgium\",\"description\":\"\",\"publisher\":{\"@id\":\"https:\/\/xpel.be\/fr\/#organization\"},\"potentialAction\":[{\"@type\":\"SearchAction\",\"target\":{\"@type\":\"EntryPoint\",\"urlTemplate\":\"https:\/\/xpel.be\/fr\/?s={search_term_string}\"},\"query-input\":{\"@type\":\"PropertyValueSpecification\",\"valueRequired\":true,\"valueName\":\"search_term_string\"}}],\"inLanguage\":\"fr-BE\"},{\"@type\":\"Organization\",\"@id\":\"https:\/\/xpel.be\/fr\/#organization\",\"name\":\"XPEL Belgium\",\"url\":\"https:\/\/xpel.be\/fr\/\",\"logo\":{\"@type\":\"ImageObject\",\"inLanguage\":\"fr-BE\",\"@id\":\"https:\/\/xpel.be\/fr\/#\/schema\/logo\/image\/\",\"url\":\"https:\/\/xpel.be\/wp-content\/uploads\/2022\/01\/XPEL_White.png\",\"contentUrl\":\"https:\/\/xpel.be\/wp-content\/uploads\/2022\/01\/XPEL_White.png\",\"width\":2604,\"height\":708,\"caption\":\"XPEL Belgium\"},\"image\":{\"@id\":\"https:\/\/xpel.be\/fr\/#\/schema\/logo\/image\/\"}}]}<\/script>\n<!-- \/ Yoast SEO plugin. -->","yoast_head_json":{"title":"Produits compl\u00e9mentaires - XPEL Belgique","robots":{"index":"index","follow":"follow","max-snippet":"max-snippet:-1","max-image-preview":"max-image-preview:large","max-video-preview":"max-video-preview:-1"},"canonical":"https:\/\/xpel.be\/fr\/produits-supplementaires\/","og_locale":"fr_FR","og_type":"article","og_title":"Aanvullende producten - XPEL Belgium","og_description":"Aanvullende producten Nazorgproducten Handdoeken Doe het zelf lakbeschermingsproducten","og_url":"https:\/\/xpel.be\/fr\/produits-supplementaires\/","og_site_name":"XPEL Belgium","article_modified_time":"2021-08-02T20:07:59+00:00","og_image":[{"url":"https:\/\/xpel.be\/wp-content\/uploads\/2019\/05\/XPEL_Aftercare_Products_767_510.jpg","type":"","width":"","height":""}],"twitter_card":"summary_large_image","twitter_misc":{"Dur\u00e9e de lecture est.":"1 minute"},"schema":{"@context":"https:\/\/schema.org","@graph":[{"@type":"WebPage","@id":"https:\/\/xpel.be\/aanvullende-producten\/","url":"https:\/\/xpel.be\/aanvullende-producten\/","name":"Produits compl\u00e9mentaires - XPEL Belgique","isPartOf":{"@id":"https:\/\/xpel.be\/fr\/#website"},"primaryImageOfPage":{"@id":"https:\/\/xpel.be\/aanvullende-producten\/#primaryimage"},"image":{"@id":"https:\/\/xpel.be\/aanvullende-producten\/#primaryimage"},"thumbnailUrl":"https:\/\/xpel.be\/wp-content\/uploads\/2019\/05\/XPEL_Aftercare_Products_767_510.jpg","datePublished":"2021-08-02T17:05:11+00:00","dateModified":"2021-08-02T20:07:59+00:00","breadcrumb":{"@id":"https:\/\/xpel.be\/aanvullende-producten\/#breadcrumb"},"inLanguage":"fr-BE","potentialAction":[{"@type":"ReadAction","target":["https:\/\/xpel.be\/aanvullende-producten\/"]}]},{"@type":"ImageObject","inLanguage":"fr-BE","@id":"https:\/\/xpel.be\/aanvullende-producten\/#primaryimage","url":"https:\/\/xpel.be\/wp-content\/uploads\/2019\/05\/XPEL_Aftercare_Products_767_510.jpg","contentUrl":"https:\/\/xpel.be\/wp-content\/uploads\/2019\/05\/XPEL_Aftercare_Products_767_510.jpg"},{"@type":"BreadcrumbList","@id":"https:\/\/xpel.be\/aanvullende-producten\/#breadcrumb","itemListElement":[{"@type":"ListItem","position":1,"name":"Huis","item":"https:\/\/xpel.be\/"},{"@type":"ListItem","position":2,"name":"Aanvullende producten"}]},{"@type":"WebSite","@id":"https:\/\/xpel.be\/fr\/#website","url":"https:\/\/xpel.be\/fr\/","name":"XPEL Belgique","description":"","publisher":{"@id":"https:\/\/xpel.be\/fr\/#organization"},"potentialAction":[{"@type":"SearchAction","target":{"@type":"EntryPoint","urlTemplate":"https:\/\/xpel.be\/fr\/?s={search_term_string}"},"query-input":{"@type":"PropertyValueSpecification","valueRequired":true,"valueName":"search_term_string"}}],"inLanguage":"fr-BE"},{"@type":"Organization","@id":"https:\/\/xpel.be\/fr\/#organization","name":"XPEL Belgique","url":"https:\/\/xpel.be\/fr\/","logo":{"@type":"ImageObject","inLanguage":"fr-BE","@id":"https:\/\/xpel.be\/fr\/#\/schema\/logo\/image\/","url":"https:\/\/xpel.be\/wp-content\/uploads\/2022\/01\/XPEL_White.png","contentUrl":"https:\/\/xpel.be\/wp-content\/uploads\/2022\/01\/XPEL_White.png","width":2604,"height":708,"caption":"XPEL Belgium"},"image":{"@id":"https:\/\/xpel.be\/fr\/#\/schema\/logo\/image\/"}}]}},"_links":{"self":[{"href":"https:\/\/xpel.be\/fr\/wp-json\/wp\/v2\/pages\/2835","targetHints":{"allow":["GET"]}}],"collection":[{"href":"https:\/\/xpel.be\/fr\/wp-json\/wp\/v2\/pages"}],"about":[{"href":"https:\/\/xpel.be\/fr\/wp-json\/wp\/v2\/types\/page"}],"author":[{"embeddable":true,"href":"https:\/\/xpel.be\/fr\/wp-json\/wp\/v2\/users\/8"}],"replies":[{"embeddable":true,"href":"https:\/\/xpel.be\/fr\/wp-json\/wp\/v2\/comments?post=2835"}],"version-history":[{"count":0,"href":"https:\/\/xpel.be\/fr\/wp-json\/wp\/v2\/pages\/2835\/revisions"}],"wp:attachment":[{"href":"https:\/\/xpel.be\/fr\/wp-json\/wp\/v2\/media?parent=2835"}],"curies":[{"name":"wp","href":"https:\/\/api.w.org\/{rel}","templated":true}]}}