{"id":212,"date":"2019-05-07T19:14:34","date_gmt":"2019-05-07T19:14:34","guid":{"rendered":"https:\/\/xpelbelgium.wpengine.com\/?page_id=212"},"modified":"2023-11-17T19:22:15","modified_gmt":"2023-11-17T19:22:15","slug":"technische-ondersteuning","status":"publish","type":"page","link":"https:\/\/xpel.be\/fr\/aide\/support-technique\/","title":{"rendered":"Soutien technique"},"content":{"rendered":"<div data-elementor-type=\"wp-post\" data-elementor-id=\"212\" class=\"elementor elementor-212\" data-elementor-post-type=\"page\">\n\t\t\t\t\t\t<section data-particle_enable=\"false\" data-particle-mobile-disabled=\"false\" class=\"elementor-section elementor-top-section elementor-element elementor-element-65b0059 elementor-section-full_width elementor-section-height-min-height elementor-section-height-default elementor-section-items-middle\" data-id=\"65b0059\" data-element_type=\"section\" data-e-type=\"section\" data-settings=\"{&quot;background_background&quot;:&quot;classic&quot;}\">\n\t\t\t\t\t\t\t<div class=\"elementor-background-overlay\"><\/div>\n\t\t\t\t\t\t\t<div class=\"elementor-container elementor-column-gap-default\">\n\t\t\t\t\t<div class=\"elementor-column elementor-col-100 elementor-top-column elementor-element elementor-element-0bb2f0b\" data-id=\"0bb2f0b\" data-element_type=\"column\" data-e-type=\"column\">\n\t\t\t<div class=\"elementor-widget-wrap elementor-element-populated\">\n\t\t\t\t\t\t<div class=\"elementor-element elementor-element-fea996a elementor-widget elementor-widget-heading\" data-id=\"fea996a\" data-element_type=\"widget\" data-e-type=\"widget\" data-widget_type=\"heading.default\">\n\t\t\t\t<div class=\"elementor-widget-container\">\n\t\t\t\t\t<h1 class=\"elementor-heading-title elementor-size-default\">Soutien technique<\/h1>\t\t\t\t<\/div>\n\t\t\t\t<\/div>\n\t\t\t\t\t<\/div>\n\t\t<\/div>\n\t\t\t\t\t<\/div>\n\t\t<\/section>\n\t\t\t\t<section data-particle_enable=\"false\" data-particle-mobile-disabled=\"false\" class=\"elementor-section elementor-top-section elementor-element elementor-element-933fff6 elementor-section-boxed elementor-section-height-default elementor-section-height-default\" data-id=\"933fff6\" data-element_type=\"section\" data-e-type=\"section\">\n\t\t\t\t\t\t<div class=\"elementor-container elementor-column-gap-default\">\n\t\t\t\t\t<div class=\"elementor-column elementor-col-100 elementor-top-column elementor-element elementor-element-5e4c8e6\" data-id=\"5e4c8e6\" data-element_type=\"column\" data-e-type=\"column\">\n\t\t\t<div class=\"elementor-widget-wrap elementor-element-populated\">\n\t\t\t\t\t\t<div class=\"elementor-element elementor-element-b664a8f elementor-widget elementor-widget-breadcrumbs\" data-id=\"b664a8f\" data-element_type=\"widget\" data-e-type=\"widget\" data-widget_type=\"breadcrumbs.default\">\n\t\t\t\t<div class=\"elementor-widget-container\">\n\t\t\t\t\t<p id=\"breadcrumbs\"><span><span><a href=\"https:\/\/xpel.be\/fr\/\">loger<\/a><\/span><\/span><\/p>\t\t\t\t<\/div>\n\t\t\t\t<\/div>\n\t\t\t\t\t<\/div>\n\t\t<\/div>\n\t\t\t\t\t<\/div>\n\t\t<\/section>\n\t\t\t\t<section data-particle_enable=\"false\" data-particle-mobile-disabled=\"false\" class=\"elementor-section elementor-top-section elementor-element elementor-element-5e257b6 elementor-section-boxed elementor-section-height-default elementor-section-height-default\" data-id=\"5e257b6\" data-element_type=\"section\" data-e-type=\"section\" data-settings=\"{&quot;background_background&quot;:&quot;classic&quot;}\">\n\t\t\t\t\t\t<div class=\"elementor-container elementor-column-gap-default\">\n\t\t\t\t\t<div class=\"elementor-column elementor-col-50 elementor-top-column elementor-element elementor-element-b25b993\" data-id=\"b25b993\" data-element_type=\"column\" data-e-type=\"column\">\n\t\t\t<div class=\"elementor-widget-wrap elementor-element-populated\">\n\t\t\t\t\t\t<div class=\"elementor-element elementor-element-5c3226a elementor-nav-menu__align-start sidenav-help elementor-nav-menu--dropdown-tablet elementor-nav-menu__text-align-aside elementor-nav-menu--toggle elementor-nav-menu--burger elementor-widget elementor-widget-nav-menu\" data-id=\"5c3226a\" data-element_type=\"widget\" data-e-type=\"widget\" data-settings=\"{&quot;layout&quot;:&quot;vertical&quot;,&quot;submenu_icon&quot;:{&quot;value&quot;:&quot;&lt;i class=\\&quot;fas fa-caret-down\\&quot;&gt;&lt;\\\/i&gt;&quot;,&quot;library&quot;:&quot;fa-solid&quot;},&quot;toggle&quot;:&quot;burger&quot;}\" data-widget_type=\"nav-menu.default\">\n\t\t\t\t<div class=\"elementor-widget-container\">\n\t\t\t\t\t\t\t\t<nav aria-label=\"Menu\" class=\"elementor-nav-menu--main elementor-nav-menu__container elementor-nav-menu--layout-vertical e--pointer-background e--animation-fade\">\n\t\t\t\t<ul id=\"menu-1-5c3226a\" class=\"elementor-nav-menu sm-vertical\"><li class=\"menu-item menu-item-type-post_type menu-item-object-page menu-item-431\"><a href=\"https:\/\/xpel.be\/fr\/aide\/support-technique\/\" class=\"elementor-item\">Soutien technique <i class=\"fas fa-arrow-right\"><\/i><\/a><\/li>\n<li class=\"menu-item menu-item-type-post_type menu-item-object-page menu-item-425\"><a href=\"https:\/\/xpel.be\/fr\/aide\/faq\/\" class=\"elementor-item\">FAQ <i class=\"fas fa-arrow-right\"><\/i><\/a><\/li>\n<li class=\"menu-item menu-item-type-post_type menu-item-object-page menu-item-2557\"><a href=\"https:\/\/xpel.be\/fr\/aide\/specifications-des-films\/\" class=\"elementor-item\">Sp\u00e9cifications du film <i class=\"fas fa-arrow-right\"><\/i><\/a><\/li>\n<li class=\"menu-item menu-item-type-post_type menu-item-object-page menu-item-1377\"><a href=\"https:\/\/xpel.be\/fr\/aide\/fiches-de-donnees-de-securite-des-produits\/\" class=\"elementor-item\">Sp\u00e9cifications du produit <i class=\"fas fa-arrow-right\"><\/i><\/a><\/li>\n<li class=\"menu-item menu-item-type-post_type menu-item-object-page menu-item-2551\"><a href=\"https:\/\/xpel.be\/fr\/aide\/instructions-dinstallation\/\" class=\"elementor-item\">instructions d&#039;installation <i class=\"fas fa-arrow-right\"><\/i><\/a><\/li>\n<li class=\"menu-item menu-item-type-post_type menu-item-object-page menu-item-429\"><a href=\"https:\/\/xpel.be\/fr\/aide\/support-des-traceurs\/\" class=\"elementor-item\">Prise en charge du traceur <i class=\"fas fa-arrow-right\"><\/i><\/a><\/li>\n<li class=\"menu-item menu-item-type-post_type menu-item-object-page menu-item-426\"><a href=\"https:\/\/xpel.be\/fr\/aide\/entretien-des-films\/\" class=\"elementor-item\">Entretien du film <i class=\"fas fa-arrow-right\"><\/i><\/a><\/li>\n<li class=\"menu-item menu-item-type-post_type menu-item-object-page menu-item-432\"><a href=\"https:\/\/xpel.be\/fr\/aide\/informations-sur-la-garantie\/\" class=\"elementor-item\">Informations de garantie <i class=\"fas fa-arrow-right\"><\/i><\/a><\/li>\n<\/ul>\t\t\t<\/nav>\n\t\t\t\t\t<div class=\"elementor-menu-toggle\" role=\"button\" tabindex=\"0\" aria-label=\"Permutateur de Menu\" aria-expanded=\"false\">\n\t\t\t<i aria-hidden=\"true\" role=\"presentation\" class=\"elementor-menu-toggle__icon--open eicon-menu-bar\"><\/i><i aria-hidden=\"true\" role=\"presentation\" class=\"elementor-menu-toggle__icon--close eicon-close\"><\/i>\t\t<\/div>\n\t\t\t\t\t<nav class=\"elementor-nav-menu--dropdown elementor-nav-menu__container\" aria-hidden=\"true\">\n\t\t\t\t<ul id=\"menu-2-5c3226a\" class=\"elementor-nav-menu sm-vertical\"><li class=\"menu-item menu-item-type-post_type menu-item-object-page menu-item-431\"><a href=\"https:\/\/xpel.be\/fr\/aide\/support-technique\/\" class=\"elementor-item\" tabindex=\"-1\">Soutien technique <i class=\"fas fa-arrow-right\"><\/i><\/a><\/li>\n<li class=\"menu-item menu-item-type-post_type menu-item-object-page menu-item-425\"><a href=\"https:\/\/xpel.be\/fr\/aide\/faq\/\" class=\"elementor-item\" tabindex=\"-1\">FAQ <i class=\"fas fa-arrow-right\"><\/i><\/a><\/li>\n<li class=\"menu-item menu-item-type-post_type menu-item-object-page menu-item-2557\"><a href=\"https:\/\/xpel.be\/fr\/aide\/specifications-des-films\/\" class=\"elementor-item\" tabindex=\"-1\">Sp\u00e9cifications du film <i class=\"fas fa-arrow-right\"><\/i><\/a><\/li>\n<li class=\"menu-item menu-item-type-post_type menu-item-object-page menu-item-1377\"><a href=\"https:\/\/xpel.be\/fr\/aide\/fiches-de-donnees-de-securite-des-produits\/\" class=\"elementor-item\" tabindex=\"-1\">Sp\u00e9cifications du produit <i class=\"fas fa-arrow-right\"><\/i><\/a><\/li>\n<li class=\"menu-item menu-item-type-post_type menu-item-object-page menu-item-2551\"><a href=\"https:\/\/xpel.be\/fr\/aide\/instructions-dinstallation\/\" class=\"elementor-item\" tabindex=\"-1\">instructions d&#039;installation <i class=\"fas fa-arrow-right\"><\/i><\/a><\/li>\n<li class=\"menu-item menu-item-type-post_type menu-item-object-page menu-item-429\"><a href=\"https:\/\/xpel.be\/fr\/aide\/support-des-traceurs\/\" class=\"elementor-item\" tabindex=\"-1\">Prise en charge du traceur <i class=\"fas fa-arrow-right\"><\/i><\/a><\/li>\n<li class=\"menu-item menu-item-type-post_type menu-item-object-page menu-item-426\"><a href=\"https:\/\/xpel.be\/fr\/aide\/entretien-des-films\/\" class=\"elementor-item\" tabindex=\"-1\">Entretien du film <i class=\"fas fa-arrow-right\"><\/i><\/a><\/li>\n<li class=\"menu-item menu-item-type-post_type menu-item-object-page menu-item-432\"><a href=\"https:\/\/xpel.be\/fr\/aide\/informations-sur-la-garantie\/\" class=\"elementor-item\" tabindex=\"-1\">Informations de garantie <i class=\"fas fa-arrow-right\"><\/i><\/a><\/li>\n<\/ul>\t\t\t<\/nav>\n\t\t\t\t\t\t<\/div>\n\t\t\t\t<\/div>\n\t\t\t\t\t<\/div>\n\t\t<\/div>\n\t\t\t\t<div class=\"elementor-column elementor-col-50 elementor-top-column elementor-element elementor-element-89eab9c\" data-id=\"89eab9c\" data-element_type=\"column\" data-e-type=\"column\">\n\t\t\t<div class=\"elementor-widget-wrap elementor-element-populated\">\n\t\t\t\t\t\t<div class=\"elementor-element elementor-element-a13d8a6 elementor-widget elementor-widget-heading\" data-id=\"a13d8a6\" data-element_type=\"widget\" data-e-type=\"widget\" data-widget_type=\"heading.default\">\n\t\t\t\t<div class=\"elementor-widget-container\">\n\t\t\t\t\t<h2 class=\"elementor-heading-title elementor-size-default\">Support technique XPEL<\/h2>\t\t\t\t<\/div>\n\t\t\t\t<\/div>\n\t\t\t\t<div class=\"elementor-element elementor-element-f7f133c elementor-widget elementor-widget-text-editor\" data-id=\"f7f133c\" data-element_type=\"widget\" data-e-type=\"widget\" data-widget_type=\"text-editor.default\">\n\t\t\t\t<div class=\"elementor-widget-container\">\n\t\t\t\t\t\t\t\t\t<p>Chez XPEL BV. nous souscrivons \u00e0 la conviction que nous n&#039;aurons autant de succ\u00e8s que nos clients. Une partie importante de la fa\u00e7on dont nous soutenons les efforts de nos clients passe par nos services d&#039;assistance sup\u00e9rieurs.<\/p><p>Le personnel du support technique est disponible pour vous aider du lundi au vendredi de 8h30 \u00e0 17h00. En Europe, vous pouvez contacter notre service d&#039;assistance technique par t\u00e9l\u00e9phone au <a href=\"\/fr\/t\u00e9l: 310134675547\/\">+31 (0) 13 467 55 47<\/a>, ou envoyez-nous une demande par notre interm\u00e9diaire <a href=\"\/fr\/contactez-nous\/\"> formulaire de soutien <\/a>.<\/p>\t\t\t\t\t\t\t\t<\/div>\n\t\t\t\t<\/div>\n\t\t\t\t\t<\/div>\n\t\t<\/div>\n\t\t\t\t\t<\/div>\n\t\t<\/section>\n\t\t\t\t<section data-particle_enable=\"false\" data-particle-mobile-disabled=\"false\" class=\"elementor-section elementor-top-section elementor-element elementor-element-05f4e58 elementor-section-boxed elementor-section-height-default elementor-section-height-default\" data-id=\"05f4e58\" data-element_type=\"section\" data-e-type=\"section\" data-settings=\"{&quot;background_background&quot;:&quot;classic&quot;}\">\n\t\t\t\t\t\t<div class=\"elementor-container elementor-column-gap-default\">\n\t\t\t\t\t<div class=\"elementor-column elementor-col-100 elementor-top-column elementor-element elementor-element-4947a88 width-70\" data-id=\"4947a88\" data-element_type=\"column\" data-e-type=\"column\">\n\t\t\t<div class=\"elementor-widget-wrap elementor-element-populated\">\n\t\t\t\t\t\t<div class=\"elementor-element elementor-element-6e24af4 elementor-widget elementor-widget-heading\" data-id=\"6e24af4\" data-element_type=\"widget\" data-e-type=\"widget\" data-widget_type=\"heading.default\">\n\t\t\t\t<div class=\"elementor-widget-container\">\n\t\t\t\t\t<h2 class=\"elementor-heading-title elementor-size-default\">Formulaire d&#039;assistance<\/h2>\t\t\t\t<\/div>\n\t\t\t\t<\/div>\n\t\t\t\t<div class=\"elementor-element elementor-element-902a3d9 elementor-widget elementor-widget-heading\" data-id=\"902a3d9\" data-element_type=\"widget\" data-e-type=\"widget\" data-widget_type=\"heading.default\">\n\t\t\t\t<div class=\"elementor-widget-container\">\n\t\t\t\t\t<div class=\"elementor-heading-title elementor-size-default\">Utilisez le formulaire de contact ci-dessous :<\/div>\t\t\t\t<\/div>\n\t\t\t\t<\/div>\n\t\t\t\t<div class=\"elementor-element elementor-element-a362cc5 elementor-widget elementor-widget-heading\" data-id=\"a362cc5\" data-element_type=\"widget\" data-e-type=\"widget\" data-widget_type=\"heading.default\">\n\t\t\t\t<div class=\"elementor-widget-container\">\n\t\t\t\t\t<p class=\"elementor-heading-title elementor-size-default\">Champs obligatoires *<\/p>\t\t\t\t<\/div>\n\t\t\t\t<\/div>\n\t\t\t\t<section data-particle_enable=\"false\" data-particle-mobile-disabled=\"false\" class=\"elementor-section elementor-inner-section elementor-element elementor-element-6d143a6 elementor-section-boxed elementor-section-height-default elementor-section-height-default\" data-id=\"6d143a6\" data-element_type=\"section\" data-e-type=\"section\">\n\t\t\t\t\t\t<div class=\"elementor-container elementor-column-gap-default\">\n\t\t\t\t\t<div class=\"elementor-column elementor-col-100 elementor-inner-column elementor-element elementor-element-0f24703\" data-id=\"0f24703\" data-element_type=\"column\" data-e-type=\"column\">\n\t\t\t<div class=\"elementor-widget-wrap elementor-element-populated\">\n\t\t\t\t\t\t<div class=\"elementor-element elementor-element-8afff5d elementor-widget elementor-widget-html\" data-id=\"8afff5d\" data-element_type=\"widget\" data-e-type=\"widget\" data-no-translation=\"\" data-widget_type=\"html.default\">\n\t\t\t\t<div class=\"elementor-widget-container\">\n\t\t\t\t\t<style>.elementor-element-8afff5d{display:none !important}<\/style>\t\t\t\t<\/div>\n\t\t\t\t<\/div>\n\t\t\t\t<div class=\"elementor-element elementor-element-8e5bc81 elementor-widget elementor-widget-html\" data-id=\"8e5bc81\" data-element_type=\"widget\" data-e-type=\"widget\" data-no-translation=\"\" data-widget_type=\"html.default\">\n\t\t\t\t<div class=\"elementor-widget-container\">\n\t\t\t\t\t<script charset=\"utf-8\" type=\"text\/javascript\" src=\"\/\/js.hsforms.net\/forms\/embed\/v2.js\"><\/script>\r\n<script>\r\n  hbspt.forms.create({\r\n    region: \"na1\",\r\n    portalId: \"23101795\",\r\n    formId: \"0b7224ed-31c8-42ae-a74e-073f291d051a\"\r\n  });\r\n<\/script>\t\t\t\t<\/div>\n\t\t\t\t<\/div>\n\t\t\t\t<div class=\"elementor-element elementor-element-6ecdaad elementor-widget elementor-widget-html\" data-id=\"6ecdaad\" data-element_type=\"widget\" data-e-type=\"widget\" data-no-translation=\"\" data-widget_type=\"html.default\">\n\t\t\t\t<div class=\"elementor-widget-container\">\n\t\t\t\t\t<style>.elementor-element-6ecdaad{display:none !important}<\/style>\t\t\t\t<\/div>\n\t\t\t\t<\/div>\n\t\t\t\t\t<\/div>\n\t\t<\/div>\n\t\t\t\t\t<\/div>\n\t\t<\/section>\n\t\t\t\t\t<\/div>\n\t\t<\/div>\n\t\t\t\t\t<\/div>\n\t\t<\/section>\n\t\t\t\t<\/div>","protected":false},"excerpt":{"rendered":"<p>Technische Ondersteuning XPEL Technische Ondersteuning Bij XPEL BV. onderschrijven we de overtuiging dat we slechts zo succesvol zullen zijn als onze klanten. Een belangrijk onderdeel van hoe we de inspanningen van onze klanten ondersteunen is via onze superieure ondersteuningsservices. Er is technisch ondersteuningspersoneel beschikbaar om u te helpen van maandag tot en met vrijdag van &#8230; <a title=\"Soutien technique\" class=\"read-more\" href=\"https:\/\/xpel.be\/fr\/aide\/support-technique\/\" aria-label=\"Read more about Technische Ondersteuning\">lire la suite<\/a><\/p>","protected":false},"author":9,"featured_media":0,"parent":1794,"menu_order":0,"comment_status":"closed","ping_status":"closed","template":"elementor_header_footer","meta":{"content-type":"","footnotes":""},"class_list":["post-212","page","type-page","status-publish"],"yoast_head":"<!-- This site is optimized with the Yoast SEO plugin v27.2 - https:\/\/yoast.com\/product\/yoast-seo-wordpress\/ -->\n<title>Technische Ondersteuning - XPEL Belgium<\/title>\n<meta name=\"robots\" content=\"index, follow, max-snippet:-1, max-image-preview:large, max-video-preview:-1\" \/>\n<link rel=\"canonical\" href=\"https:\/\/xpel.be\/fr\/aide\/support-technique\/\" \/>\n<meta property=\"og:locale\" content=\"fr_FR\" \/>\n<meta property=\"og:type\" content=\"article\" \/>\n<meta property=\"og:title\" content=\"Technische Ondersteuning - XPEL Belgium\" \/>\n<meta property=\"og:description\" content=\"Technische Ondersteuning XPEL Technische Ondersteuning Bij XPEL BV. onderschrijven we de overtuiging dat we slechts zo succesvol zullen zijn als onze klanten. Een belangrijk onderdeel van hoe we de inspanningen van onze klanten ondersteunen is via onze superieure ondersteuningsservices. Er is technisch ondersteuningspersoneel beschikbaar om u te helpen van maandag tot en met vrijdag van ... Lire la suite\" \/>\n<meta property=\"og:url\" content=\"https:\/\/xpel.be\/fr\/aide\/support-technique\/\" \/>\n<meta property=\"og:site_name\" content=\"XPEL Belgium\" \/>\n<meta property=\"article:modified_time\" content=\"2023-11-17T19:22:15+00:00\" \/>\n<meta name=\"twitter:card\" content=\"summary_large_image\" \/>\n<meta name=\"twitter:label1\" content=\"Dur\u00e9e de lecture est.\" \/>\n\t<meta name=\"twitter:data1\" content=\"1 minute\" \/>\n<script type=\"application\/ld+json\" class=\"yoast-schema-graph\">{\"@context\":\"https:\/\/schema.org\",\"@graph\":[{\"@type\":\"WebPage\",\"@id\":\"https:\/\/xpel.be\/helpen\/technische-ondersteuning\/\",\"url\":\"https:\/\/xpel.be\/helpen\/technische-ondersteuning\/\",\"name\":\"Technische Ondersteuning - XPEL Belgium\",\"isPartOf\":{\"@id\":\"https:\/\/xpel.be\/fr\/#website\"},\"datePublished\":\"2019-05-07T19:14:34+00:00\",\"dateModified\":\"2023-11-17T19:22:15+00:00\",\"breadcrumb\":{\"@id\":\"https:\/\/xpel.be\/helpen\/technische-ondersteuning\/#breadcrumb\"},\"inLanguage\":\"fr-BE\",\"potentialAction\":[{\"@type\":\"ReadAction\",\"target\":[\"https:\/\/xpel.be\/helpen\/technische-ondersteuning\/\"]}]},{\"@type\":\"BreadcrumbList\",\"@id\":\"https:\/\/xpel.be\/helpen\/technische-ondersteuning\/#breadcrumb\",\"itemListElement\":[{\"@type\":\"ListItem\",\"position\":1,\"name\":\"Huis\",\"item\":\"https:\/\/xpel.be\/\"},{\"@type\":\"ListItem\",\"position\":2,\"name\":\"Helpen\",\"item\":\"https:\/\/xpel.be\/helpen\/\"},{\"@type\":\"ListItem\",\"position\":3,\"name\":\"Technische Ondersteuning\"}]},{\"@type\":\"WebSite\",\"@id\":\"https:\/\/xpel.be\/fr\/#website\",\"url\":\"https:\/\/xpel.be\/fr\/\",\"name\":\"XPEL Belgium\",\"description\":\"\",\"publisher\":{\"@id\":\"https:\/\/xpel.be\/fr\/#organization\"},\"potentialAction\":[{\"@type\":\"SearchAction\",\"target\":{\"@type\":\"EntryPoint\",\"urlTemplate\":\"https:\/\/xpel.be\/fr\/?s={search_term_string}\"},\"query-input\":{\"@type\":\"PropertyValueSpecification\",\"valueRequired\":true,\"valueName\":\"search_term_string\"}}],\"inLanguage\":\"fr-BE\"},{\"@type\":\"Organization\",\"@id\":\"https:\/\/xpel.be\/fr\/#organization\",\"name\":\"XPEL Belgium\",\"url\":\"https:\/\/xpel.be\/fr\/\",\"logo\":{\"@type\":\"ImageObject\",\"inLanguage\":\"fr-BE\",\"@id\":\"https:\/\/xpel.be\/fr\/#\/schema\/logo\/image\/\",\"url\":\"https:\/\/xpel.be\/wp-content\/uploads\/2022\/01\/XPEL_White.png\",\"contentUrl\":\"https:\/\/xpel.be\/wp-content\/uploads\/2022\/01\/XPEL_White.png\",\"width\":2604,\"height\":708,\"caption\":\"XPEL Belgium\"},\"image\":{\"@id\":\"https:\/\/xpel.be\/fr\/#\/schema\/logo\/image\/\"}}]}<\/script>\n<!-- \/ Yoast SEO plugin. -->","yoast_head_json":{"title":"Support technique - XPEL Belgique","robots":{"index":"index","follow":"follow","max-snippet":"max-snippet:-1","max-image-preview":"max-image-preview:large","max-video-preview":"max-video-preview:-1"},"canonical":"https:\/\/xpel.be\/fr\/aide\/support-technique\/","og_locale":"fr_FR","og_type":"article","og_title":"Technische Ondersteuning - XPEL Belgium","og_description":"Technische Ondersteuning XPEL Technische Ondersteuning Bij XPEL BV. onderschrijven we de overtuiging dat we slechts zo succesvol zullen zijn als onze klanten. Een belangrijk onderdeel van hoe we de inspanningen van onze klanten ondersteunen is via onze superieure ondersteuningsservices. Er is technisch ondersteuningspersoneel beschikbaar om u te helpen van maandag tot en met vrijdag van ... Lire la suite","og_url":"https:\/\/xpel.be\/fr\/aide\/support-technique\/","og_site_name":"XPEL Belgium","article_modified_time":"2023-11-17T19:22:15+00:00","twitter_card":"summary_large_image","twitter_misc":{"Dur\u00e9e de lecture est.":"1 minute"},"schema":{"@context":"https:\/\/schema.org","@graph":[{"@type":"WebPage","@id":"https:\/\/xpel.be\/helpen\/technische-ondersteuning\/","url":"https:\/\/xpel.be\/helpen\/technische-ondersteuning\/","name":"Support technique - XPEL Belgique","isPartOf":{"@id":"https:\/\/xpel.be\/fr\/#website"},"datePublished":"2019-05-07T19:14:34+00:00","dateModified":"2023-11-17T19:22:15+00:00","breadcrumb":{"@id":"https:\/\/xpel.be\/helpen\/technische-ondersteuning\/#breadcrumb"},"inLanguage":"fr-BE","potentialAction":[{"@type":"ReadAction","target":["https:\/\/xpel.be\/helpen\/technische-ondersteuning\/"]}]},{"@type":"BreadcrumbList","@id":"https:\/\/xpel.be\/helpen\/technische-ondersteuning\/#breadcrumb","itemListElement":[{"@type":"ListItem","position":1,"name":"Huis","item":"https:\/\/xpel.be\/"},{"@type":"ListItem","position":2,"name":"Helpen","item":"https:\/\/xpel.be\/helpen\/"},{"@type":"ListItem","position":3,"name":"Technische Ondersteuning"}]},{"@type":"WebSite","@id":"https:\/\/xpel.be\/fr\/#website","url":"https:\/\/xpel.be\/fr\/","name":"XPEL Belgique","description":"","publisher":{"@id":"https:\/\/xpel.be\/fr\/#organization"},"potentialAction":[{"@type":"SearchAction","target":{"@type":"EntryPoint","urlTemplate":"https:\/\/xpel.be\/fr\/?s={search_term_string}"},"query-input":{"@type":"PropertyValueSpecification","valueRequired":true,"valueName":"search_term_string"}}],"inLanguage":"fr-BE"},{"@type":"Organization","@id":"https:\/\/xpel.be\/fr\/#organization","name":"XPEL Belgique","url":"https:\/\/xpel.be\/fr\/","logo":{"@type":"ImageObject","inLanguage":"fr-BE","@id":"https:\/\/xpel.be\/fr\/#\/schema\/logo\/image\/","url":"https:\/\/xpel.be\/wp-content\/uploads\/2022\/01\/XPEL_White.png","contentUrl":"https:\/\/xpel.be\/wp-content\/uploads\/2022\/01\/XPEL_White.png","width":2604,"height":708,"caption":"XPEL Belgium"},"image":{"@id":"https:\/\/xpel.be\/fr\/#\/schema\/logo\/image\/"}}]}},"_links":{"self":[{"href":"https:\/\/xpel.be\/fr\/wp-json\/wp\/v2\/pages\/212","targetHints":{"allow":["GET"]}}],"collection":[{"href":"https:\/\/xpel.be\/fr\/wp-json\/wp\/v2\/pages"}],"about":[{"href":"https:\/\/xpel.be\/fr\/wp-json\/wp\/v2\/types\/page"}],"author":[{"embeddable":true,"href":"https:\/\/xpel.be\/fr\/wp-json\/wp\/v2\/users\/9"}],"replies":[{"embeddable":true,"href":"https:\/\/xpel.be\/fr\/wp-json\/wp\/v2\/comments?post=212"}],"version-history":[{"count":0,"href":"https:\/\/xpel.be\/fr\/wp-json\/wp\/v2\/pages\/212\/revisions"}],"up":[{"embeddable":true,"href":"https:\/\/xpel.be\/fr\/wp-json\/wp\/v2\/pages\/1794"}],"wp:attachment":[{"href":"https:\/\/xpel.be\/fr\/wp-json\/wp\/v2\/media?parent=212"}],"curies":[{"name":"wp","href":"https:\/\/api.w.org\/{rel}","templated":true}]}}