{"id":209,"date":"2019-05-07T17:00:49","date_gmt":"2019-05-07T17:00:49","guid":{"rendered":"https:\/\/xpelbelgium.wpengine.com\/?page_id=209"},"modified":"2021-05-24T17:07:02","modified_gmt":"2021-05-24T17:07:02","slug":"oppervlaktebescherming","status":"publish","type":"page","link":"https:\/\/xpel.be\/fr\/produits\/protection-des-surfaces\/","title":{"rendered":"Protection de surface"},"content":{"rendered":"<div data-elementor-type=\"wp-post\" data-elementor-id=\"209\" class=\"elementor elementor-209\" data-elementor-post-type=\"page\">\n\t\t\t\t\t\t<section data-particle_enable=\"false\" data-particle-mobile-disabled=\"false\" class=\"elementor-section elementor-top-section elementor-element elementor-element-accde4d elementor-section-height-min-height elementor-section-boxed elementor-section-height-default elementor-section-items-middle\" data-id=\"accde4d\" data-element_type=\"section\" data-e-type=\"section\" data-settings=\"{&quot;background_background&quot;:&quot;classic&quot;}\">\n\t\t\t\t\t\t\t<div class=\"elementor-background-overlay\"><\/div>\n\t\t\t\t\t\t\t<div class=\"elementor-container elementor-column-gap-default\">\n\t\t\t\t\t<div class=\"elementor-column elementor-col-100 elementor-top-column elementor-element elementor-element-8f81631\" data-id=\"8f81631\" data-element_type=\"column\" data-e-type=\"column\">\n\t\t\t<div class=\"elementor-widget-wrap elementor-element-populated\">\n\t\t\t\t\t\t<div class=\"elementor-element elementor-element-86de2f4 elementor-widget elementor-widget-heading\" data-id=\"86de2f4\" data-element_type=\"widget\" data-e-type=\"widget\" data-widget_type=\"heading.default\">\n\t\t\t\t<div class=\"elementor-widget-container\">\n\t\t\t\t\t<h1 class=\"elementor-heading-title elementor-size-default\">Protection de surface<\/h1>\t\t\t\t<\/div>\n\t\t\t\t<\/div>\n\t\t\t\t\t<\/div>\n\t\t<\/div>\n\t\t\t\t\t<\/div>\n\t\t<\/section>\n\t\t\t\t<section data-particle_enable=\"false\" data-particle-mobile-disabled=\"false\" class=\"elementor-section elementor-top-section elementor-element elementor-element-3410930 elementor-section-boxed elementor-section-height-default elementor-section-height-default\" data-id=\"3410930\" data-element_type=\"section\" data-e-type=\"section\">\n\t\t\t\t\t\t<div class=\"elementor-container elementor-column-gap-default\">\n\t\t\t\t\t<div class=\"elementor-column elementor-col-100 elementor-top-column elementor-element elementor-element-d635630\" data-id=\"d635630\" data-element_type=\"column\" data-e-type=\"column\">\n\t\t\t<div class=\"elementor-widget-wrap elementor-element-populated\">\n\t\t\t\t\t\t<div class=\"elementor-element elementor-element-da5c727 elementor-widget elementor-widget-breadcrumbs\" data-id=\"da5c727\" data-element_type=\"widget\" data-e-type=\"widget\" data-widget_type=\"breadcrumbs.default\">\n\t\t\t\t<div class=\"elementor-widget-container\">\n\t\t\t\t\t<p id=\"breadcrumbs\"><span><span><a href=\"https:\/\/xpel.be\/fr\/\">loger<\/a><\/span><\/span><\/p>\t\t\t\t<\/div>\n\t\t\t\t<\/div>\n\t\t\t\t\t<\/div>\n\t\t<\/div>\n\t\t\t\t\t<\/div>\n\t\t<\/section>\n\t\t\t\t<section data-particle_enable=\"false\" data-particle-mobile-disabled=\"false\" class=\"elementor-section elementor-top-section elementor-element elementor-element-7a543b9 elementor-section-boxed elementor-section-height-default elementor-section-height-default\" data-id=\"7a543b9\" data-element_type=\"section\" data-e-type=\"section\">\n\t\t\t\t\t\t<div class=\"elementor-container elementor-column-gap-default\">\n\t\t\t\t\t<div class=\"elementor-column elementor-col-100 elementor-top-column elementor-element elementor-element-f736b57\" data-id=\"f736b57\" data-element_type=\"column\" data-e-type=\"column\">\n\t\t\t<div class=\"elementor-widget-wrap elementor-element-populated\">\n\t\t\t\t\t\t<div class=\"elementor-element elementor-element-73470df elementor-widget elementor-widget-heading\" data-id=\"73470df\" data-element_type=\"widget\" data-e-type=\"widget\" data-widget_type=\"heading.default\">\n\t\t\t\t<div class=\"elementor-widget-container\">\n\t\t\t\t\t<h2 class=\"elementor-heading-title elementor-size-default\">D\u00e9couvrez nos films de protection de surface<\/h2>\t\t\t\t<\/div>\n\t\t\t\t<\/div>\n\t\t\t\t\t<\/div>\n\t\t<\/div>\n\t\t\t\t\t<\/div>\n\t\t<\/section>\n\t\t\t\t<section data-particle_enable=\"false\" data-particle-mobile-disabled=\"false\" class=\"elementor-section elementor-top-section elementor-element elementor-element-a0821a6 elementor-section-height-min-height elementor-section-boxed elementor-section-height-default elementor-section-items-middle\" data-id=\"a0821a6\" data-element_type=\"section\" data-e-type=\"section\">\n\t\t\t\t\t\t<div class=\"elementor-container elementor-column-gap-default\">\n\t\t\t\t\t<div class=\"elementor-column elementor-col-50 elementor-top-column elementor-element elementor-element-fcbb6e3\" data-id=\"fcbb6e3\" data-element_type=\"column\" data-e-type=\"column\">\n\t\t\t<div class=\"elementor-widget-wrap elementor-element-populated\">\n\t\t\t\t\t\t<div class=\"elementor-element elementor-element-1c8b6fa elementor-cta--layout-image-above elementor-cta--skin-classic elementor-animated-content elementor-bg-transform elementor-bg-transform-zoom-in elementor-widget elementor-widget-call-to-action\" data-id=\"1c8b6fa\" data-element_type=\"widget\" data-e-type=\"widget\" data-widget_type=\"call-to-action.default\">\n\t\t\t\t<div class=\"elementor-widget-container\">\n\t\t\t\t\t\t\t<div class=\"elementor-cta\">\n\t\t\t\t\t<div class=\"elementor-cta__bg-wrapper\">\n\t\t\t\t<div class=\"elementor-cta__bg elementor-bg lazyload\" style=\"background-image:inherit;\" role=\"img\" aria-label=\"Tapisserie d&#039;ameublement FUSION PLUSTM\" data-bg-image=\"url(https:\/\/xpel.be\/wp-content\/uploads\/2020\/10\/XPEL-FUSION-PLUS-Ceramic-Coating-Interior-Install-1-1024x651.jpg)\"><\/div>\n\t\t\t\t<div class=\"elementor-cta__bg-overlay\"><\/div>\n\t\t\t<\/div>\n\t\t\t\t\t\t\t<div class=\"elementor-cta__content\">\n\t\t\t\t\n\t\t\t\t\t\t\t\t\t<h2 class=\"elementor-cta__title elementor-cta__content-item elementor-content-item translation-block\">Rev\u00eatement C\u00e9ramique FUSION PLUS<sup>TM<\/sup><\/h2>\n\t\t\t\t\n\t\t\t\t\t\t\t\t\t<div class=\"elementor-cta__description elementor-cta__content-item elementor-content-item\">\n\t\t\t\t\t\tLe premier du genre par les leaders de la protection de surface. FUSION PLUS<sup>TM<\/sup> Le rev\u00eatement en c\u00e9ramique combine une formule hydrophobe sup\u00e9rieure avec un brillant sans pr\u00e9c\u00e9dent qui garde la peinture de votre voiture parfaite.<br\/><br\/>\t\t\t\t\t<\/div>\n\t\t\t\t\n\t\t\t\t\t\t\t\t\t<div class=\"elementor-cta__button-wrapper elementor-cta__content-item elementor-content-item\">\n\t\t\t\t\t<a class=\"elementor-cta__button elementor-button elementor-size-\" href=\"\/fr\/produits\/protection-des-surfaces\/revetement-ceramique-fusion-plus-2\/\">\n\t\t\t\t\t\tAPPRENDRE ENCORE PLUS\t\t\t\t\t<\/a>\n\t\t\t\t\t<\/div>\n\t\t\t\t\t\t\t<\/div>\n\t\t\t\t\t\t<\/div>\n\t\t\t\t\t\t<\/div>\n\t\t\t\t<\/div>\n\t\t\t\t\t<\/div>\n\t\t<\/div>\n\t\t\t\t<div class=\"elementor-column elementor-col-50 elementor-top-column elementor-element elementor-element-6c23a9d\" data-id=\"6c23a9d\" data-element_type=\"column\" data-e-type=\"column\">\n\t\t\t<div class=\"elementor-widget-wrap elementor-element-populated\">\n\t\t\t\t\t\t<div class=\"elementor-element elementor-element-5525f96 elementor-cta--skin-classic elementor-animated-content elementor-bg-transform elementor-bg-transform-zoom-in elementor-widget elementor-widget-call-to-action\" data-id=\"5525f96\" data-element_type=\"widget\" data-e-type=\"widget\" data-widget_type=\"call-to-action.default\">\n\t\t\t\t<div class=\"elementor-widget-container\">\n\t\t\t\t\t\t\t<div class=\"elementor-cta\">\n\t\t\t\t\t<div class=\"elementor-cta__bg-wrapper\">\n\t\t\t\t<div class=\"elementor-cta__bg elementor-bg\" style=\"background-image: url(https:\/\/xpel.be\/wp-content\/uploads\/2020\/08\/XPEL-RX-ANTIMICROBIAL-PROTECTION-FILM-Point-of-Sale-Cashier.jpg);\" role=\"img\" aria-label=\"Kiosques et syst\u00e8mes de point de vente RXTM 10 peut \u00eatre appliqu\u00e9 aux grands \u00e9crans plats tels que les kiosques, les syst\u00e8mes de point de vente et les \u00e9crans commerciaux.\"><\/div>\n\t\t\t\t<div class=\"elementor-cta__bg-overlay\"><\/div>\n\t\t\t<\/div>\n\t\t\t\t\t\t\t<div class=\"elementor-cta__content\">\n\t\t\t\t\n\t\t\t\t\t\t\t\t\t<h2 class=\"elementor-cta__title elementor-cta__content-item elementor-content-item translation-block\">Film antimicrobien RX <sup>TM<\/sup><\/h2>\n\t\t\t\t\n\t\t\t\t\t\t\t\t\t<div class=\"elementor-cta__description elementor-cta__content-item elementor-content-item\">\n\t\t\t\t\t\tRX<sup>TM<\/sup> contient la technologie Silver Ion, une technologie antibact\u00e9rienne et antifongique qui maintient la surface du produit propre en permanence en emp\u00eachant la croissance bact\u00e9rienne, les bact\u00e9ries qui causent des odeurs d\u00e9sagr\u00e9ables, la moisissure, entre autres. \t\t\t\t\t<\/div>\n\t\t\t\t\n\t\t\t\t\t\t\t\t\t<div class=\"elementor-cta__button-wrapper elementor-cta__content-item elementor-content-item\">\n\t\t\t\t\t<a class=\"elementor-cta__button elementor-button elementor-size-\" href=\"\/fr\/produits\/protection-des-surfaces\/film-antimicrobien-rx\/\">\n\t\t\t\t\t\tAPPRENDRE ENCORE PLUS\t\t\t\t\t<\/a>\n\t\t\t\t\t<\/div>\n\t\t\t\t\t\t\t<\/div>\n\t\t\t\t\t\t<\/div>\n\t\t\t\t\t\t<\/div>\n\t\t\t\t<\/div>\n\t\t\t\t\t<\/div>\n\t\t<\/div>\n\t\t\t\t\t<\/div>\n\t\t<\/section>\n\t\t\t\t<\/div>","protected":false},"excerpt":{"rendered":"<p>Protection de surface D\u00e9couvrez nos films de protection de surface FUSION PLUSTM Ceramic Coating Le premier du genre par les leaders de la protection de surface. Le rev\u00eatement c\u00e9ramique FUSION PLUSTM combine une formule hydrophobe sup\u00e9rieure avec une brillance sans pr\u00e9c\u00e9dent pour garder la peinture de votre voiture belle. EN SAVOIR PLUS RXTM Film antimicrobien RXTM contient la technologie Silver Ion, un antibact\u00e9rien, antifongique\u2026 <a title=\"Protection de surface\" class=\"read-more\" href=\"https:\/\/xpel.be\/fr\/produits\/protection-des-surfaces\/\" aria-label=\"Read more about Oppervlaktebescherming\">lire la suite<\/a><\/p>","protected":false},"author":8,"featured_media":0,"parent":207,"menu_order":0,"comment_status":"closed","ping_status":"closed","template":"elementor_header_footer","meta":{"content-type":"","footnotes":""},"class_list":["post-209","page","type-page","status-publish"],"yoast_head":"<!-- This site is optimized with the Yoast SEO plugin v27.2 - https:\/\/yoast.com\/product\/yoast-seo-wordpress\/ -->\n<title>Oppervlaktebescherming - XPEL Belgium<\/title>\n<meta name=\"robots\" content=\"index, follow, max-snippet:-1, max-image-preview:large, max-video-preview:-1\" \/>\n<link rel=\"canonical\" href=\"https:\/\/xpel.be\/fr\/produits\/protection-des-surfaces\/\" \/>\n<meta property=\"og:locale\" content=\"fr_FR\" \/>\n<meta property=\"og:type\" content=\"article\" \/>\n<meta property=\"og:title\" content=\"Oppervlaktebescherming - XPEL Belgium\" \/>\n<meta property=\"og:description\" content=\"Oppervlakte bescherming Ontdek onze oppervlaktebeschermingsfolies FUSION PLUSTM Keramische Coating De eerste in zijn soort afkomstig van de leiders binnen de oppervlaktebescherming. FUSION PLUSTM Keramische Coating combineert een superieure hydrofobische formule met ongekende glans waardoor uw autolak er perfect uit blijft zien. LEER MEER RXTM antimicrobi\u00eble film RXTM bevat Silver Ion technologie, een anti-bacteri\u00eble , schimmelwerende ... Lire la suite\" \/>\n<meta property=\"og:url\" content=\"https:\/\/xpel.be\/fr\/produits\/protection-des-surfaces\/\" \/>\n<meta property=\"og:site_name\" content=\"XPEL Belgium\" \/>\n<meta property=\"article:modified_time\" content=\"2021-05-24T17:07:02+00:00\" \/>\n<meta name=\"twitter:card\" content=\"summary_large_image\" \/>\n<script type=\"application\/ld+json\" class=\"yoast-schema-graph\">{\"@context\":\"https:\/\/schema.org\",\"@graph\":[{\"@type\":\"WebPage\",\"@id\":\"https:\/\/xpel.be\/producten\/oppervlaktebescherming\/\",\"url\":\"https:\/\/xpel.be\/producten\/oppervlaktebescherming\/\",\"name\":\"Oppervlaktebescherming - XPEL Belgium\",\"isPartOf\":{\"@id\":\"https:\/\/xpel.be\/fr\/#website\"},\"datePublished\":\"2019-05-07T17:00:49+00:00\",\"dateModified\":\"2021-05-24T17:07:02+00:00\",\"breadcrumb\":{\"@id\":\"https:\/\/xpel.be\/producten\/oppervlaktebescherming\/#breadcrumb\"},\"inLanguage\":\"fr-BE\",\"potentialAction\":[{\"@type\":\"ReadAction\",\"target\":[\"https:\/\/xpel.be\/producten\/oppervlaktebescherming\/\"]}]},{\"@type\":\"BreadcrumbList\",\"@id\":\"https:\/\/xpel.be\/producten\/oppervlaktebescherming\/#breadcrumb\",\"itemListElement\":[{\"@type\":\"ListItem\",\"position\":1,\"name\":\"Huis\",\"item\":\"https:\/\/xpel.be\/\"},{\"@type\":\"ListItem\",\"position\":2,\"name\":\"Producten\",\"item\":\"https:\/\/xpel.be\/producten\/\"},{\"@type\":\"ListItem\",\"position\":3,\"name\":\"Oppervlaktebescherming\"}]},{\"@type\":\"WebSite\",\"@id\":\"https:\/\/xpel.be\/fr\/#website\",\"url\":\"https:\/\/xpel.be\/fr\/\",\"name\":\"XPEL Belgium\",\"description\":\"\",\"publisher\":{\"@id\":\"https:\/\/xpel.be\/fr\/#organization\"},\"potentialAction\":[{\"@type\":\"SearchAction\",\"target\":{\"@type\":\"EntryPoint\",\"urlTemplate\":\"https:\/\/xpel.be\/fr\/?s={search_term_string}\"},\"query-input\":{\"@type\":\"PropertyValueSpecification\",\"valueRequired\":true,\"valueName\":\"search_term_string\"}}],\"inLanguage\":\"fr-BE\"},{\"@type\":\"Organization\",\"@id\":\"https:\/\/xpel.be\/fr\/#organization\",\"name\":\"XPEL Belgium\",\"url\":\"https:\/\/xpel.be\/fr\/\",\"logo\":{\"@type\":\"ImageObject\",\"inLanguage\":\"fr-BE\",\"@id\":\"https:\/\/xpel.be\/fr\/#\/schema\/logo\/image\/\",\"url\":\"https:\/\/xpel.be\/wp-content\/uploads\/2022\/01\/XPEL_White.png\",\"contentUrl\":\"https:\/\/xpel.be\/wp-content\/uploads\/2022\/01\/XPEL_White.png\",\"width\":2604,\"height\":708,\"caption\":\"XPEL Belgium\"},\"image\":{\"@id\":\"https:\/\/xpel.be\/fr\/#\/schema\/logo\/image\/\"}}]}<\/script>\n<!-- \/ Yoast SEO plugin. -->","yoast_head_json":{"title":"Protection de surface - XPEL Belgique","robots":{"index":"index","follow":"follow","max-snippet":"max-snippet:-1","max-image-preview":"max-image-preview:large","max-video-preview":"max-video-preview:-1"},"canonical":"https:\/\/xpel.be\/fr\/produits\/protection-des-surfaces\/","og_locale":"fr_FR","og_type":"article","og_title":"Oppervlaktebescherming - XPEL Belgium","og_description":"Oppervlakte bescherming Ontdek onze oppervlaktebeschermingsfolies FUSION PLUSTM Keramische Coating De eerste in zijn soort afkomstig van de leiders binnen de oppervlaktebescherming. FUSION PLUSTM Keramische Coating combineert een superieure hydrofobische formule met ongekende glans waardoor uw autolak er perfect uit blijft zien. LEER MEER RXTM antimicrobi\u00eble film RXTM bevat Silver Ion technologie, een anti-bacteri\u00eble , schimmelwerende ... Lire la suite","og_url":"https:\/\/xpel.be\/fr\/produits\/protection-des-surfaces\/","og_site_name":"XPEL Belgium","article_modified_time":"2021-05-24T17:07:02+00:00","twitter_card":"summary_large_image","schema":{"@context":"https:\/\/schema.org","@graph":[{"@type":"WebPage","@id":"https:\/\/xpel.be\/producten\/oppervlaktebescherming\/","url":"https:\/\/xpel.be\/producten\/oppervlaktebescherming\/","name":"Protection de surface - XPEL Belgique","isPartOf":{"@id":"https:\/\/xpel.be\/fr\/#website"},"datePublished":"2019-05-07T17:00:49+00:00","dateModified":"2021-05-24T17:07:02+00:00","breadcrumb":{"@id":"https:\/\/xpel.be\/producten\/oppervlaktebescherming\/#breadcrumb"},"inLanguage":"fr-BE","potentialAction":[{"@type":"ReadAction","target":["https:\/\/xpel.be\/producten\/oppervlaktebescherming\/"]}]},{"@type":"BreadcrumbList","@id":"https:\/\/xpel.be\/producten\/oppervlaktebescherming\/#breadcrumb","itemListElement":[{"@type":"ListItem","position":1,"name":"Huis","item":"https:\/\/xpel.be\/"},{"@type":"ListItem","position":2,"name":"Producten","item":"https:\/\/xpel.be\/producten\/"},{"@type":"ListItem","position":3,"name":"Oppervlaktebescherming"}]},{"@type":"WebSite","@id":"https:\/\/xpel.be\/fr\/#website","url":"https:\/\/xpel.be\/fr\/","name":"XPEL Belgique","description":"","publisher":{"@id":"https:\/\/xpel.be\/fr\/#organization"},"potentialAction":[{"@type":"SearchAction","target":{"@type":"EntryPoint","urlTemplate":"https:\/\/xpel.be\/fr\/?s={search_term_string}"},"query-input":{"@type":"PropertyValueSpecification","valueRequired":true,"valueName":"search_term_string"}}],"inLanguage":"fr-BE"},{"@type":"Organization","@id":"https:\/\/xpel.be\/fr\/#organization","name":"XPEL Belgique","url":"https:\/\/xpel.be\/fr\/","logo":{"@type":"ImageObject","inLanguage":"fr-BE","@id":"https:\/\/xpel.be\/fr\/#\/schema\/logo\/image\/","url":"https:\/\/xpel.be\/wp-content\/uploads\/2022\/01\/XPEL_White.png","contentUrl":"https:\/\/xpel.be\/wp-content\/uploads\/2022\/01\/XPEL_White.png","width":2604,"height":708,"caption":"XPEL Belgium"},"image":{"@id":"https:\/\/xpel.be\/fr\/#\/schema\/logo\/image\/"}}]}},"_links":{"self":[{"href":"https:\/\/xpel.be\/fr\/wp-json\/wp\/v2\/pages\/209","targetHints":{"allow":["GET"]}}],"collection":[{"href":"https:\/\/xpel.be\/fr\/wp-json\/wp\/v2\/pages"}],"about":[{"href":"https:\/\/xpel.be\/fr\/wp-json\/wp\/v2\/types\/page"}],"author":[{"embeddable":true,"href":"https:\/\/xpel.be\/fr\/wp-json\/wp\/v2\/users\/8"}],"replies":[{"embeddable":true,"href":"https:\/\/xpel.be\/fr\/wp-json\/wp\/v2\/comments?post=209"}],"version-history":[{"count":0,"href":"https:\/\/xpel.be\/fr\/wp-json\/wp\/v2\/pages\/209\/revisions"}],"up":[{"embeddable":true,"href":"https:\/\/xpel.be\/fr\/wp-json\/wp\/v2\/pages\/207"}],"wp:attachment":[{"href":"https:\/\/xpel.be\/fr\/wp-json\/wp\/v2\/media?parent=209"}],"curies":[{"name":"wp","href":"https:\/\/api.w.org\/{rel}","templated":true}]}}