{"id":572,"date":"2019-08-13T18:53:23","date_gmt":"2019-08-13T18:53:23","guid":{"rendered":"https:\/\/xpelbelgium.wpengine.com\/?page_id=572"},"modified":"2021-04-26T20:10:10","modified_gmt":"2021-04-26T20:10:10","slug":"kit-search","status":"publish","type":"page","link":"https:\/\/xpel.be\/de\/kit-suche\/","title":{"rendered":"Suche Fahrzeugtyp"},"content":{"rendered":"<div data-elementor-type=\"wp-post\" data-elementor-id=\"572\" class=\"elementor elementor-572\" data-elementor-post-type=\"page\">\n\t\t\t\t\t\t<section data-particle_enable=\"false\" data-particle-mobile-disabled=\"false\" class=\"elementor-section elementor-top-section elementor-element elementor-element-6ced892 elementor-section-full_width elementor-section-height-min-height elementor-section-stretched elementor-section-height-default elementor-section-items-middle\" data-id=\"6ced892\" data-element_type=\"section\" data-e-type=\"section\" data-settings=\"{&quot;background_background&quot;:&quot;classic&quot;,&quot;stretch_section&quot;:&quot;section-stretched&quot;}\">\n\t\t\t\t\t\t\t<div class=\"elementor-background-overlay\"><\/div>\n\t\t\t\t\t\t\t<div class=\"elementor-container elementor-column-gap-wider\">\n\t\t\t\t\t<div class=\"elementor-column elementor-col-100 elementor-top-column elementor-element elementor-element-bfc9031\" data-id=\"bfc9031\" data-element_type=\"column\" data-e-type=\"column\">\n\t\t\t<div class=\"elementor-widget-wrap elementor-element-populated\">\n\t\t\t\t\t\t<section data-particle_enable=\"false\" data-particle-mobile-disabled=\"false\" class=\"elementor-section elementor-inner-section elementor-element elementor-element-4d89248 elementor-section-boxed elementor-section-height-default elementor-section-height-default\" data-id=\"4d89248\" data-element_type=\"section\" data-e-type=\"section\">\n\t\t\t\t\t\t<div class=\"elementor-container elementor-column-gap-default\">\n\t\t\t\t\t<div class=\"elementor-column elementor-col-100 elementor-inner-column elementor-element elementor-element-57a53df\" data-id=\"57a53df\" data-element_type=\"column\" data-e-type=\"column\">\n\t\t\t<div class=\"elementor-widget-wrap elementor-element-populated\">\n\t\t\t\t\t\t<div class=\"elementor-element elementor-element-11e8453 elementor-widget elementor-widget-heading\" data-id=\"11e8453\" data-element_type=\"widget\" data-e-type=\"widget\" data-widget_type=\"heading.default\">\n\t\t\t\t<div class=\"elementor-widget-container\">\n\t\t\t\t\t<h1 class=\"elementor-heading-title elementor-size-default\">LACKSCHUTZFOLIE<\/h1>\t\t\t\t<\/div>\n\t\t\t\t<\/div>\n\t\t\t\t<div class=\"elementor-element elementor-element-c293b6a elementor-widget elementor-widget-heading\" data-id=\"c293b6a\" data-element_type=\"widget\" data-e-type=\"widget\" data-widget_type=\"heading.default\">\n\t\t\t\t<div class=\"elementor-widget-container\">\n\t\t\t\t\t<h2 class=\"elementor-heading-title elementor-size-default\"><span style=\"font-size: 36px;text-align: center;text-transform: uppercase;white-space: normal\">VORGESCHNITTENE KITS<\/span><\/h2>\t\t\t\t<\/div>\n\t\t\t\t<\/div>\n\t\t\t\t\t<\/div>\n\t\t<\/div>\n\t\t\t\t\t<\/div>\n\t\t<\/section>\n\t\t\t\t<div class=\"elementor-element elementor-element-b730cf5 elementor-widget elementor-widget-heading\" data-id=\"b730cf5\" data-element_type=\"widget\" data-e-type=\"widget\" data-widget_type=\"heading.default\">\n\t\t\t\t<div class=\"elementor-widget-container\">\n\t\t\t\t\t<div class=\"elementor-heading-title elementor-size-default\"><a href=\"https:\/\/www.xpel.com\/web-assets\/downloads\/XPEL-PRIME-Spec-Sheet-USA-V2-1.pdf\" target=\"_blank\">\n\n<\/a><\/div>\t\t\t\t<\/div>\n\t\t\t\t<\/div>\n\t\t\t\t\t<\/div>\n\t\t<\/div>\n\t\t\t\t\t<\/div>\n\t\t<\/section>\n\t\t\t\t<section data-particle_enable=\"false\" data-particle-mobile-disabled=\"false\" class=\"elementor-section elementor-top-section elementor-element elementor-element-a762fdf elementor-section-boxed elementor-section-height-default elementor-section-height-default\" data-id=\"a762fdf\" data-element_type=\"section\" data-e-type=\"section\">\n\t\t\t\t\t\t<div class=\"elementor-container elementor-column-gap-default\">\n\t\t\t\t\t<div class=\"elementor-column elementor-col-100 elementor-top-column elementor-element elementor-element-f16a086\" data-id=\"f16a086\" data-element_type=\"column\" data-e-type=\"column\">\n\t\t\t<div class=\"elementor-widget-wrap elementor-element-populated\">\n\t\t\t\t\t\t<div class=\"elementor-element elementor-element-51a8700 elementor-widget elementor-widget-breadcrumbs\" data-id=\"51a8700\" data-element_type=\"widget\" data-e-type=\"widget\" data-widget_type=\"breadcrumbs.default\">\n\t\t\t\t<div class=\"elementor-widget-container\">\n\t\t\t\t\t<p id=\"breadcrumbs\"><span><span><a href=\"https:\/\/xpel.be\/de\/\">Haus<\/a><\/span><\/span><\/p>\t\t\t\t<\/div>\n\t\t\t\t<\/div>\n\t\t\t\t\t<\/div>\n\t\t<\/div>\n\t\t\t\t\t<\/div>\n\t\t<\/section>\n\t\t\t\t<section data-particle_enable=\"false\" data-particle-mobile-disabled=\"false\" class=\"elementor-section elementor-top-section elementor-element elementor-element-9c3a4cf elementor-section-boxed elementor-section-height-default elementor-section-height-default\" data-id=\"9c3a4cf\" data-element_type=\"section\" data-e-type=\"section\">\n\t\t\t\t\t\t<div class=\"elementor-container elementor-column-gap-default\">\n\t\t\t\t\t<div class=\"elementor-column elementor-col-66 elementor-top-column elementor-element elementor-element-e05dbcc\" data-id=\"e05dbcc\" data-element_type=\"column\" data-e-type=\"column\">\n\t\t\t<div class=\"elementor-widget-wrap elementor-element-populated\">\n\t\t\t\t\t\t<div class=\"elementor-element elementor-element-d24bdc3 elementor-widget elementor-widget-text-editor\" data-id=\"d24bdc3\" data-element_type=\"widget\" data-e-type=\"widget\" data-widget_type=\"text-editor.default\">\n\t\t\t\t<div class=\"elementor-widget-container\">\n\t\t\t\t\t\t\t\t\t<p>Bitte w\u00e4hlen Sie unten Ihr Fahrzeug aus, um die verf\u00fcgbaren Lackschutzoptionen anzuzeigen. Sollte Ihr Fahrzeug nicht aufgef\u00fchrt sein oder die gew\u00fcnschten Optionen nicht angezeigt werden, sind auch Sonderanfertigungen m\u00f6glich. Weitere Informationen erhalten Sie von Ihrem lokalen XPEL-H\u00e4ndler.<\/p>\t\t\t\t\t\t\t\t<\/div>\n\t\t\t\t<\/div>\n\t\t\t\t\t<\/div>\n\t\t<\/div>\n\t\t\t\t<div class=\"elementor-column elementor-col-33 elementor-top-column elementor-element elementor-element-2d1b42a\" data-id=\"2d1b42a\" data-element_type=\"column\" data-e-type=\"column\">\n\t\t\t<div class=\"elementor-widget-wrap elementor-element-populated\">\n\t\t\t\t\t\t<div class=\"elementor-element elementor-element-46c9fc3 elementor-widget elementor-widget-button\" data-id=\"46c9fc3\" data-element_type=\"widget\" data-e-type=\"widget\" data-widget_type=\"button.default\">\n\t\t\t\t<div class=\"elementor-widget-container\">\n\t\t\t\t\t\t\t\t\t<div class=\"elementor-button-wrapper\">\n\t\t\t\t\t<a class=\"elementor-button elementor-button-link elementor-size-xl\" href=\"\/de\/find-your-installer\/\">\n\t\t\t\t\t\t<span class=\"elementor-button-content-wrapper\">\n\t\t\t\t\t\t<span class=\"elementor-button-icon\">\n\t\t\t\t<i aria-hidden=\"true\" class=\"fas fa-arrow-right\"><\/i>\t\t\t<\/span>\n\t\t\t\t\t\t\t\t\t<span class=\"elementor-button-text\">Finden Sie einen XPEL-H\u00e4ndler<\/span>\n\t\t\t\t\t<\/span>\n\t\t\t\t\t<\/a>\n\t\t\t\t<\/div>\n\t\t\t\t\t\t\t\t<\/div>\n\t\t\t\t<\/div>\n\t\t\t\t\t<\/div>\n\t\t<\/div>\n\t\t\t\t\t<\/div>\n\t\t<\/section>\n\t\t\t\t<\/div>","protected":false},"excerpt":{"rendered":"<p>Lackschutzfolie PRECUT KITS Bitte w\u00e4hlen Sie unten Ihr Fahrzeug aus, um die verf\u00fcgbaren Lackschutzoptionen anzuzeigen. Sollte Ihr Fahrzeug nicht aufgef\u00fchrt sein oder die gew\u00fcnschten Optionen nicht angezeigt werden, sind auch Sonderanfertigungen m\u00f6glich. Weitere Informationen erhalten Sie von Ihrem lokalen XPEL-H\u00e4ndler. Finden Sie einen XPEL-H\u00e4ndler<\/p>","protected":false},"author":9,"featured_media":0,"parent":0,"menu_order":0,"comment_status":"closed","ping_status":"closed","template":"kit-search.php","meta":{"content-type":"","footnotes":""},"class_list":["post-572","page","type-page","status-publish"],"yoast_head":"<!-- This site is optimized with the Yoast SEO plugin v27.2 - https:\/\/yoast.com\/product\/yoast-seo-wordpress\/ -->\n<title>Lakbeschermingsfolie Kit Search - XPEL Belgium<\/title>\n<meta name=\"robots\" content=\"index, follow, max-snippet:-1, max-image-preview:large, max-video-preview:-1\" \/>\n<link rel=\"canonical\" href=\"https:\/\/xpel.be\/de\/kit-suche\/\" \/>\n<meta property=\"og:locale\" content=\"de_DE\" \/>\n<meta property=\"og:type\" content=\"article\" \/>\n<meta property=\"og:title\" content=\"Lakbeschermingsfolie Kit Search - XPEL Belgium\" \/>\n<meta property=\"og:description\" content=\"Lakbeschermingsfolie VOORGESNEDEN KITS Selecteer hieronder uw voertuig om de beschikbare lakbeschermingsopties te bekijken. Als uw voertuig niet in de lijst staat of de gewenste opties niet worden weergegeven, zijn aangepaste ontwerpen ook beschikbaar. Neem contact op met uw lokale XPEL-dealer voor meer informatie. Vind een XPEL Dealer\" \/>\n<meta property=\"og:url\" content=\"https:\/\/xpel.be\/de\/kit-suche\/\" \/>\n<meta property=\"og:site_name\" content=\"XPEL Belgium\" \/>\n<meta property=\"article:modified_time\" content=\"2021-04-26T20:10:10+00:00\" \/>\n<meta name=\"twitter:card\" content=\"summary_large_image\" \/>\n<meta name=\"twitter:label1\" content=\"Gesch\u00e4tzte Lesezeit\" \/>\n\t<meta name=\"twitter:data1\" content=\"1 Minute\" \/>\n<script type=\"application\/ld+json\" class=\"yoast-schema-graph\">{\"@context\":\"https:\/\/schema.org\",\"@graph\":[{\"@type\":\"WebPage\",\"@id\":\"https:\/\/xpel.be\/kit-search\/\",\"url\":\"https:\/\/xpel.be\/kit-search\/\",\"name\":\"Lakbeschermingsfolie Kit Search - XPEL Belgium\",\"isPartOf\":{\"@id\":\"https:\/\/xpel.be\/fr\/#website\"},\"datePublished\":\"2019-08-13T18:53:23+00:00\",\"dateModified\":\"2021-04-26T20:10:10+00:00\",\"breadcrumb\":{\"@id\":\"https:\/\/xpel.be\/kit-search\/#breadcrumb\"},\"inLanguage\":\"de-DE\",\"potentialAction\":[{\"@type\":\"ReadAction\",\"target\":[\"https:\/\/xpel.be\/kit-search\/\"]}]},{\"@type\":\"BreadcrumbList\",\"@id\":\"https:\/\/xpel.be\/kit-search\/#breadcrumb\",\"itemListElement\":[{\"@type\":\"ListItem\",\"position\":1,\"name\":\"Huis\",\"item\":\"https:\/\/xpel.be\/\"},{\"@type\":\"ListItem\",\"position\":2,\"name\":\"Lakbeschermingsfolie Kit Search\"}]},{\"@type\":\"WebSite\",\"@id\":\"https:\/\/xpel.be\/fr\/#website\",\"url\":\"https:\/\/xpel.be\/fr\/\",\"name\":\"XPEL Belgium\",\"description\":\"\",\"publisher\":{\"@id\":\"https:\/\/xpel.be\/fr\/#organization\"},\"potentialAction\":[{\"@type\":\"SearchAction\",\"target\":{\"@type\":\"EntryPoint\",\"urlTemplate\":\"https:\/\/xpel.be\/fr\/?s={search_term_string}\"},\"query-input\":{\"@type\":\"PropertyValueSpecification\",\"valueRequired\":true,\"valueName\":\"search_term_string\"}}],\"inLanguage\":\"de-DE\"},{\"@type\":\"Organization\",\"@id\":\"https:\/\/xpel.be\/fr\/#organization\",\"name\":\"XPEL Belgium\",\"url\":\"https:\/\/xpel.be\/fr\/\",\"logo\":{\"@type\":\"ImageObject\",\"inLanguage\":\"de-DE\",\"@id\":\"https:\/\/xpel.be\/fr\/#\/schema\/logo\/image\/\",\"url\":\"https:\/\/xpel.be\/wp-content\/uploads\/2022\/01\/XPEL_White.png\",\"contentUrl\":\"https:\/\/xpel.be\/wp-content\/uploads\/2022\/01\/XPEL_White.png\",\"width\":2604,\"height\":708,\"caption\":\"XPEL Belgium\"},\"image\":{\"@id\":\"https:\/\/xpel.be\/fr\/#\/schema\/logo\/image\/\"}}]}<\/script>\n<!-- \/ Yoast SEO plugin. -->","yoast_head_json":{"title":"Suche nach Lackschutzfolien-Kits - XPEL Belgium","robots":{"index":"index","follow":"follow","max-snippet":"max-snippet:-1","max-image-preview":"max-image-preview:large","max-video-preview":"max-video-preview:-1"},"canonical":"https:\/\/xpel.be\/de\/kit-suche\/","og_locale":"de_DE","og_type":"article","og_title":"Lakbeschermingsfolie Kit Search - XPEL Belgium","og_description":"Lakbeschermingsfolie VOORGESNEDEN KITS Selecteer hieronder uw voertuig om de beschikbare lakbeschermingsopties te bekijken. Als uw voertuig niet in de lijst staat of de gewenste opties niet worden weergegeven, zijn aangepaste ontwerpen ook beschikbaar. Neem contact op met uw lokale XPEL-dealer voor meer informatie. Vind een XPEL Dealer","og_url":"https:\/\/xpel.be\/de\/kit-suche\/","og_site_name":"XPEL Belgium","article_modified_time":"2021-04-26T20:10:10+00:00","twitter_card":"summary_large_image","twitter_misc":{"Gesch\u00e4tzte Lesezeit":"1 Minute"},"schema":{"@context":"https:\/\/schema.org","@graph":[{"@type":"WebPage","@id":"https:\/\/xpel.be\/kit-search\/","url":"https:\/\/xpel.be\/kit-search\/","name":"Suche nach Lackschutzfolien-Kits - XPEL Belgium","isPartOf":{"@id":"https:\/\/xpel.be\/fr\/#website"},"datePublished":"2019-08-13T18:53:23+00:00","dateModified":"2021-04-26T20:10:10+00:00","breadcrumb":{"@id":"https:\/\/xpel.be\/kit-search\/#breadcrumb"},"inLanguage":"de-DE","potentialAction":[{"@type":"ReadAction","target":["https:\/\/xpel.be\/kit-search\/"]}]},{"@type":"BreadcrumbList","@id":"https:\/\/xpel.be\/kit-search\/#breadcrumb","itemListElement":[{"@type":"ListItem","position":1,"name":"Huis","item":"https:\/\/xpel.be\/"},{"@type":"ListItem","position":2,"name":"Lakbeschermingsfolie Kit Search"}]},{"@type":"WebSite","@id":"https:\/\/xpel.be\/fr\/#website","url":"https:\/\/xpel.be\/fr\/","name":"XPEL Belgien","description":"","publisher":{"@id":"https:\/\/xpel.be\/fr\/#organization"},"potentialAction":[{"@type":"SearchAction","target":{"@type":"EntryPoint","urlTemplate":"https:\/\/xpel.be\/fr\/?s={search_term_string}"},"query-input":{"@type":"PropertyValueSpecification","valueRequired":true,"valueName":"search_term_string"}}],"inLanguage":"de-DE"},{"@type":"Organization","@id":"https:\/\/xpel.be\/fr\/#organization","name":"XPEL Belgien","url":"https:\/\/xpel.be\/fr\/","logo":{"@type":"ImageObject","inLanguage":"de-DE","@id":"https:\/\/xpel.be\/fr\/#\/schema\/logo\/image\/","url":"https:\/\/xpel.be\/wp-content\/uploads\/2022\/01\/XPEL_White.png","contentUrl":"https:\/\/xpel.be\/wp-content\/uploads\/2022\/01\/XPEL_White.png","width":2604,"height":708,"caption":"XPEL Belgium"},"image":{"@id":"https:\/\/xpel.be\/fr\/#\/schema\/logo\/image\/"}}]}},"_links":{"self":[{"href":"https:\/\/xpel.be\/de\/wp-json\/wp\/v2\/pages\/572","targetHints":{"allow":["GET"]}}],"collection":[{"href":"https:\/\/xpel.be\/de\/wp-json\/wp\/v2\/pages"}],"about":[{"href":"https:\/\/xpel.be\/de\/wp-json\/wp\/v2\/types\/page"}],"author":[{"embeddable":true,"href":"https:\/\/xpel.be\/de\/wp-json\/wp\/v2\/users\/9"}],"replies":[{"embeddable":true,"href":"https:\/\/xpel.be\/de\/wp-json\/wp\/v2\/comments?post=572"}],"version-history":[{"count":0,"href":"https:\/\/xpel.be\/de\/wp-json\/wp\/v2\/pages\/572\/revisions"}],"wp:attachment":[{"href":"https:\/\/xpel.be\/de\/wp-json\/wp\/v2\/media?parent=572"}],"curies":[{"name":"wp","href":"https:\/\/api.w.org\/{rel}","templated":true}]}}