{"id":3194,"date":"2023-11-17T17:32:37","date_gmt":"2023-11-17T17:32:37","guid":{"rendered":"https:\/\/xpel.be\/?page_id=3194"},"modified":"2023-11-17T17:34:28","modified_gmt":"2023-11-17T17:34:28","slug":"thank-you","status":"publish","type":"page","link":"https:\/\/xpel.be\/de\/thank-you\/","title":{"rendered":"Thank You"},"content":{"rendered":"<div data-elementor-type=\"wp-page\" data-elementor-id=\"3194\" class=\"elementor elementor-3194\" data-elementor-post-type=\"page\">\n\t\t\t\t\t\t<section data-particle_enable=\"false\" data-particle-mobile-disabled=\"false\" class=\"elementor-section elementor-top-section elementor-element elementor-element-ca763db elementor-section-boxed elementor-section-height-default elementor-section-height-default\" data-id=\"ca763db\" data-element_type=\"section\" data-e-type=\"section\" data-no-translation=\"\">\n\t\t\t\t\t\t<div class=\"elementor-container elementor-column-gap-default\">\n\t\t\t\t\t<div class=\"elementor-column elementor-col-100 elementor-top-column elementor-element elementor-element-456ef03\" data-id=\"456ef03\" data-element_type=\"column\" data-e-type=\"column\">\n\t\t\t<div class=\"elementor-widget-wrap elementor-element-populated\">\n\t\t\t\t\t\t<div class=\"elementor-element elementor-element-ed9d9ec elementor-widget elementor-widget-heading\" data-id=\"ed9d9ec\" data-element_type=\"widget\" data-e-type=\"widget\" data-widget_type=\"heading.default\">\n\t\t\t\t<div class=\"elementor-widget-container\">\n\t\t\t\t\t<h2 class=\"elementor-heading-title elementor-size-default\">Dank u!<\/h2>\t\t\t\t<\/div>\n\t\t\t\t<\/div>\n\t\t\t\t<div class=\"elementor-element elementor-element-593af3e elementor-widget elementor-widget-text-editor\" data-id=\"593af3e\" data-element_type=\"widget\" data-e-type=\"widget\" data-widget_type=\"text-editor.default\">\n\t\t\t\t<div class=\"elementor-widget-container\">\n\t\t\t\t\t\t\t\t\t<p>Uw verzoek is ingediend en ontvangen. Geef ons alstublieft 24 uur om te reageren.<\/p><p>Als u ons wilt bellen, kunt u ons bereiken op <a href=\"tel:31 (0) 13 467 55 47\">+31 (0) 13 467 55 47<\/a>.<\/p>\t\t\t\t\t\t\t\t<\/div>\n\t\t\t\t<\/div>\n\t\t\t\t\t<\/div>\n\t\t<\/div>\n\t\t\t\t\t<\/div>\n\t\t<\/section>\n\t\t\t\t<section data-particle_enable=\"false\" data-particle-mobile-disabled=\"false\" class=\"elementor-section elementor-top-section elementor-element elementor-element-2aa2cb2 elementor-section-boxed elementor-section-height-default elementor-section-height-default\" data-id=\"2aa2cb2\" data-element_type=\"section\" data-e-type=\"section\" data-no-translation=\"\">\n\t\t\t\t\t\t<div class=\"elementor-container elementor-column-gap-default\">\n\t\t\t\t\t<div class=\"elementor-column elementor-col-100 elementor-top-column elementor-element elementor-element-bff2d6e\" data-id=\"bff2d6e\" data-element_type=\"column\" data-e-type=\"column\">\n\t\t\t<div class=\"elementor-widget-wrap elementor-element-populated\">\n\t\t\t\t\t\t<div class=\"elementor-element elementor-element-809ecc2 elementor-widget elementor-widget-heading\" data-id=\"809ecc2\" data-element_type=\"widget\" data-e-type=\"widget\" data-widget_type=\"heading.default\">\n\t\t\t\t<div class=\"elementor-widget-container\">\n\t\t\t\t\t<h2 class=\"elementor-heading-title elementor-size-default\">Danke!<\/h2>\t\t\t\t<\/div>\n\t\t\t\t<\/div>\n\t\t\t\t<div class=\"elementor-element elementor-element-0981606 elementor-widget elementor-widget-text-editor\" data-id=\"0981606\" data-element_type=\"widget\" data-e-type=\"widget\" data-widget_type=\"text-editor.default\">\n\t\t\t\t<div class=\"elementor-widget-container\">\n\t\t\t\t\t\t\t\t\t<p>Ihre Anfrage wurde gesendet und empfangen.<br \/>Bitte geben Sie uns 24 Stunden Zeit, um zu antworten.<\/p><p>In dringenden F\u00e4llen, erreichen Sie uns unter <a href=\"tel:31 (0) 13 467 55 47\">+31 (0) 13 467 55 47<\/a>.<\/p>\t\t\t\t\t\t\t\t<\/div>\n\t\t\t\t<\/div>\n\t\t\t\t\t<\/div>\n\t\t<\/div>\n\t\t\t\t\t<\/div>\n\t\t<\/section>\n\t\t\t\t<section data-particle_enable=\"false\" data-particle-mobile-disabled=\"false\" class=\"elementor-section elementor-top-section elementor-element elementor-element-fbc8f97 elementor-section-boxed elementor-section-height-default elementor-section-height-default\" data-id=\"fbc8f97\" data-element_type=\"section\" data-e-type=\"section\" data-no-translation=\"\">\n\t\t\t\t\t\t<div class=\"elementor-container elementor-column-gap-default\">\n\t\t\t\t\t<div class=\"elementor-column elementor-col-100 elementor-top-column elementor-element elementor-element-ebcdd7e\" data-id=\"ebcdd7e\" data-element_type=\"column\" data-e-type=\"column\">\n\t\t\t<div class=\"elementor-widget-wrap elementor-element-populated\">\n\t\t\t\t\t\t<div class=\"elementor-element elementor-element-47ce76a elementor-widget elementor-widget-heading\" data-id=\"47ce76a\" data-element_type=\"widget\" data-e-type=\"widget\" data-widget_type=\"heading.default\">\n\t\t\t\t<div class=\"elementor-widget-container\">\n\t\t\t\t\t<h2 class=\"elementor-heading-title elementor-size-default\">Merci!<\/h2>\t\t\t\t<\/div>\n\t\t\t\t<\/div>\n\t\t\t\t<div class=\"elementor-element elementor-element-b6e0e63 elementor-widget elementor-widget-text-editor\" data-id=\"b6e0e63\" data-element_type=\"widget\" data-e-type=\"widget\" data-widget_type=\"text-editor.default\">\n\t\t\t\t<div class=\"elementor-widget-container\">\n\t\t\t\t\t\t\t\t\t<p>Votre demande a \u00e9t\u00e9 soumise et re\u00e7ue. Veuillez nous donner 24 heures pour y r\u00e9pondre.<\/p><p>Si vous avez besoin de nous appeler, vous pouvez nous joindre au <a href=\"tel:31 (0) 13 467 55 47\">+31 (0) 13 467 55 47<\/a>.<\/p>\t\t\t\t\t\t\t\t<\/div>\n\t\t\t\t<\/div>\n\t\t\t\t\t<\/div>\n\t\t<\/div>\n\t\t\t\t\t<\/div>\n\t\t<\/section>\n\t\t\t\t<\/div>","protected":false},"excerpt":{"rendered":"<p>Dank u! Uw verzoek is ingediend en ontvangen. Geef ons alstublieft 24 uur om te reageren. Als u ons wilt bellen, kunt u ons bereiken op +31 (0) 13 467 55 47. Danke! Ihre Anfrage wurde gesendet und empfangen.Bitte geben Sie uns 24 Stunden Zeit, um zu antworten. In dringenden F\u00e4llen, erreichen Sie uns unter &#8230; <a title=\"Thank You\" class=\"read-more\" href=\"https:\/\/xpel.be\/de\/thank-you\/\" aria-label=\"Mehr Informationen \u00fcber Thank You\">Weiterlesen<\/a><\/p>","protected":false},"author":8,"featured_media":0,"parent":0,"menu_order":0,"comment_status":"closed","ping_status":"closed","template":"elementor_header_footer","meta":{"content-type":"","footnotes":""},"class_list":["post-3194","page","type-page","status-publish"],"yoast_head":"<!-- This site is optimized with the Yoast SEO plugin v27.2 - https:\/\/yoast.com\/product\/yoast-seo-wordpress\/ -->\n<title>Thank You - XPEL Belgium<\/title>\n<meta name=\"robots\" content=\"index, follow, max-snippet:-1, max-image-preview:large, max-video-preview:-1\" \/>\n<link rel=\"canonical\" href=\"https:\/\/xpel.be\/de\/thank-you\/\" \/>\n<meta property=\"og:locale\" content=\"de_DE\" \/>\n<meta property=\"og:type\" content=\"article\" \/>\n<meta property=\"og:title\" content=\"Thank You - XPEL Belgium\" \/>\n<meta property=\"og:description\" content=\"Dank u! Uw verzoek is ingediend en ontvangen. Geef ons alstublieft 24 uur om te reageren. Als u ons wilt bellen, kunt u ons bereiken op +31 (0) 13 467 55 47. Danke! Ihre Anfrage wurde gesendet und empfangen.Bitte geben Sie uns 24 Stunden Zeit, um zu antworten. In dringenden F\u00e4llen, erreichen Sie uns unter ... Weiterlesen\" \/>\n<meta property=\"og:url\" content=\"https:\/\/xpel.be\/de\/thank-you\/\" \/>\n<meta property=\"og:site_name\" content=\"XPEL Belgium\" \/>\n<meta property=\"article:modified_time\" content=\"2023-11-17T17:34:28+00:00\" \/>\n<meta name=\"twitter:card\" content=\"summary_large_image\" \/>\n<meta name=\"twitter:label1\" content=\"Gesch\u00e4tzte Lesezeit\" \/>\n\t<meta name=\"twitter:data1\" content=\"1 Minute\" \/>\n<script type=\"application\/ld+json\" class=\"yoast-schema-graph\">{\"@context\":\"https:\/\/schema.org\",\"@graph\":[{\"@type\":\"WebPage\",\"@id\":\"https:\/\/xpel.be\/thank-you\/\",\"url\":\"https:\/\/xpel.be\/thank-you\/\",\"name\":\"Thank You - XPEL Belgium\",\"isPartOf\":{\"@id\":\"https:\/\/xpel.be\/fr\/#website\"},\"datePublished\":\"2023-11-17T17:32:37+00:00\",\"dateModified\":\"2023-11-17T17:34:28+00:00\",\"breadcrumb\":{\"@id\":\"https:\/\/xpel.be\/thank-you\/#breadcrumb\"},\"inLanguage\":\"de-DE\",\"potentialAction\":[{\"@type\":\"ReadAction\",\"target\":[\"https:\/\/xpel.be\/thank-you\/\"]}]},{\"@type\":\"BreadcrumbList\",\"@id\":\"https:\/\/xpel.be\/thank-you\/#breadcrumb\",\"itemListElement\":[{\"@type\":\"ListItem\",\"position\":1,\"name\":\"Huis\",\"item\":\"https:\/\/xpel.be\/\"},{\"@type\":\"ListItem\",\"position\":2,\"name\":\"Thank You\"}]},{\"@type\":\"WebSite\",\"@id\":\"https:\/\/xpel.be\/fr\/#website\",\"url\":\"https:\/\/xpel.be\/fr\/\",\"name\":\"XPEL Belgium\",\"description\":\"\",\"publisher\":{\"@id\":\"https:\/\/xpel.be\/fr\/#organization\"},\"potentialAction\":[{\"@type\":\"SearchAction\",\"target\":{\"@type\":\"EntryPoint\",\"urlTemplate\":\"https:\/\/xpel.be\/fr\/?s={search_term_string}\"},\"query-input\":{\"@type\":\"PropertyValueSpecification\",\"valueRequired\":true,\"valueName\":\"search_term_string\"}}],\"inLanguage\":\"de-DE\"},{\"@type\":\"Organization\",\"@id\":\"https:\/\/xpel.be\/fr\/#organization\",\"name\":\"XPEL Belgium\",\"url\":\"https:\/\/xpel.be\/fr\/\",\"logo\":{\"@type\":\"ImageObject\",\"inLanguage\":\"de-DE\",\"@id\":\"https:\/\/xpel.be\/fr\/#\/schema\/logo\/image\/\",\"url\":\"https:\/\/xpel.be\/wp-content\/uploads\/2022\/01\/XPEL_White.png\",\"contentUrl\":\"https:\/\/xpel.be\/wp-content\/uploads\/2022\/01\/XPEL_White.png\",\"width\":2604,\"height\":708,\"caption\":\"XPEL Belgium\"},\"image\":{\"@id\":\"https:\/\/xpel.be\/fr\/#\/schema\/logo\/image\/\"}}]}<\/script>\n<!-- \/ Yoast SEO plugin. -->","yoast_head_json":{"title":"Thank You - XPEL Belgium","robots":{"index":"index","follow":"follow","max-snippet":"max-snippet:-1","max-image-preview":"max-image-preview:large","max-video-preview":"max-video-preview:-1"},"canonical":"https:\/\/xpel.be\/de\/thank-you\/","og_locale":"de_DE","og_type":"article","og_title":"Thank You - XPEL Belgium","og_description":"Dank u! Uw verzoek is ingediend en ontvangen. Geef ons alstublieft 24 uur om te reageren. Als u ons wilt bellen, kunt u ons bereiken op +31 (0) 13 467 55 47. Danke! Ihre Anfrage wurde gesendet und empfangen.Bitte geben Sie uns 24 Stunden Zeit, um zu antworten. In dringenden F\u00e4llen, erreichen Sie uns unter ... Weiterlesen","og_url":"https:\/\/xpel.be\/de\/thank-you\/","og_site_name":"XPEL Belgium","article_modified_time":"2023-11-17T17:34:28+00:00","twitter_card":"summary_large_image","twitter_misc":{"Gesch\u00e4tzte Lesezeit":"1 Minute"},"schema":{"@context":"https:\/\/schema.org","@graph":[{"@type":"WebPage","@id":"https:\/\/xpel.be\/thank-you\/","url":"https:\/\/xpel.be\/thank-you\/","name":"Thank You - XPEL Belgium","isPartOf":{"@id":"https:\/\/xpel.be\/fr\/#website"},"datePublished":"2023-11-17T17:32:37+00:00","dateModified":"2023-11-17T17:34:28+00:00","breadcrumb":{"@id":"https:\/\/xpel.be\/thank-you\/#breadcrumb"},"inLanguage":"de-DE","potentialAction":[{"@type":"ReadAction","target":["https:\/\/xpel.be\/thank-you\/"]}]},{"@type":"BreadcrumbList","@id":"https:\/\/xpel.be\/thank-you\/#breadcrumb","itemListElement":[{"@type":"ListItem","position":1,"name":"Huis","item":"https:\/\/xpel.be\/"},{"@type":"ListItem","position":2,"name":"Thank You"}]},{"@type":"WebSite","@id":"https:\/\/xpel.be\/fr\/#website","url":"https:\/\/xpel.be\/fr\/","name":"XPEL Belgien","description":"","publisher":{"@id":"https:\/\/xpel.be\/fr\/#organization"},"potentialAction":[{"@type":"SearchAction","target":{"@type":"EntryPoint","urlTemplate":"https:\/\/xpel.be\/fr\/?s={search_term_string}"},"query-input":{"@type":"PropertyValueSpecification","valueRequired":true,"valueName":"search_term_string"}}],"inLanguage":"de-DE"},{"@type":"Organization","@id":"https:\/\/xpel.be\/fr\/#organization","name":"XPEL Belgien","url":"https:\/\/xpel.be\/fr\/","logo":{"@type":"ImageObject","inLanguage":"de-DE","@id":"https:\/\/xpel.be\/fr\/#\/schema\/logo\/image\/","url":"https:\/\/xpel.be\/wp-content\/uploads\/2022\/01\/XPEL_White.png","contentUrl":"https:\/\/xpel.be\/wp-content\/uploads\/2022\/01\/XPEL_White.png","width":2604,"height":708,"caption":"XPEL Belgium"},"image":{"@id":"https:\/\/xpel.be\/fr\/#\/schema\/logo\/image\/"}}]}},"_links":{"self":[{"href":"https:\/\/xpel.be\/de\/wp-json\/wp\/v2\/pages\/3194","targetHints":{"allow":["GET"]}}],"collection":[{"href":"https:\/\/xpel.be\/de\/wp-json\/wp\/v2\/pages"}],"about":[{"href":"https:\/\/xpel.be\/de\/wp-json\/wp\/v2\/types\/page"}],"author":[{"embeddable":true,"href":"https:\/\/xpel.be\/de\/wp-json\/wp\/v2\/users\/8"}],"replies":[{"embeddable":true,"href":"https:\/\/xpel.be\/de\/wp-json\/wp\/v2\/comments?post=3194"}],"version-history":[{"count":0,"href":"https:\/\/xpel.be\/de\/wp-json\/wp\/v2\/pages\/3194\/revisions"}],"wp:attachment":[{"href":"https:\/\/xpel.be\/de\/wp-json\/wp\/v2\/media?parent=3194"}],"curies":[{"name":"wp","href":"https:\/\/api.w.org\/{rel}","templated":true}]}}