{"id":3065,"date":"2022-06-13T16:15:51","date_gmt":"2022-06-13T16:15:51","guid":{"rendered":"https:\/\/xpel.be\/?page_id=3065"},"modified":"2022-07-29T18:28:30","modified_gmt":"2022-07-29T18:28:30","slug":"raamfolie","status":"publish","type":"page","link":"https:\/\/xpel.be\/de\/produkte\/fensterfilm\/","title":{"rendered":"Fensterfolie"},"content":{"rendered":"<div data-elementor-type=\"wp-page\" data-elementor-id=\"3065\" class=\"elementor elementor-3065\" data-elementor-post-type=\"page\">\n\t\t\t\t\t\t<section data-particle_enable=\"false\" data-particle-mobile-disabled=\"false\" class=\"elementor-section elementor-top-section elementor-element elementor-element-43e3e60b elementor-section-height-min-height elementor-section-boxed elementor-section-height-default elementor-section-items-middle\" data-id=\"43e3e60b\" data-element_type=\"section\" data-e-type=\"section\" data-settings=\"{&quot;background_background&quot;:&quot;classic&quot;}\">\n\t\t\t\t\t\t\t<div class=\"elementor-background-overlay\"><\/div>\n\t\t\t\t\t\t\t<div class=\"elementor-container elementor-column-gap-default\">\n\t\t\t\t\t<div class=\"elementor-column elementor-col-100 elementor-top-column elementor-element elementor-element-61e3b776\" data-id=\"61e3b776\" data-element_type=\"column\" data-e-type=\"column\">\n\t\t\t<div class=\"elementor-widget-wrap elementor-element-populated\">\n\t\t\t\t\t\t<div class=\"elementor-element elementor-element-53389fc8 elementor-widget elementor-widget-heading\" data-id=\"53389fc8\" data-element_type=\"widget\" data-e-type=\"widget\" data-widget_type=\"heading.default\">\n\t\t\t\t<div class=\"elementor-widget-container\">\n\t\t\t\t\t<h1 class=\"elementor-heading-title elementor-size-default\">Fensterfolie<\/h1>\t\t\t\t<\/div>\n\t\t\t\t<\/div>\n\t\t\t\t\t<\/div>\n\t\t<\/div>\n\t\t\t\t\t<\/div>\n\t\t<\/section>\n\t\t\t\t<section data-particle_enable=\"false\" data-particle-mobile-disabled=\"false\" class=\"elementor-section elementor-top-section elementor-element elementor-element-98858f8 elementor-section-boxed elementor-section-height-default elementor-section-height-default\" data-id=\"98858f8\" data-element_type=\"section\" data-e-type=\"section\">\n\t\t\t\t\t\t<div class=\"elementor-container elementor-column-gap-default\">\n\t\t\t\t\t<div class=\"elementor-column elementor-col-100 elementor-top-column elementor-element elementor-element-7d681917\" data-id=\"7d681917\" data-element_type=\"column\" data-e-type=\"column\">\n\t\t\t<div class=\"elementor-widget-wrap elementor-element-populated\">\n\t\t\t\t\t\t<div class=\"elementor-element elementor-element-7f22026d elementor-widget elementor-widget-breadcrumbs\" data-id=\"7f22026d\" data-element_type=\"widget\" data-e-type=\"widget\" data-widget_type=\"breadcrumbs.default\">\n\t\t\t\t<div class=\"elementor-widget-container\">\n\t\t\t\t\t<p id=\"breadcrumbs\"><span><span><a href=\"https:\/\/xpel.be\/de\/\">Haus<\/a><\/span><\/span><\/p>\t\t\t\t<\/div>\n\t\t\t\t<\/div>\n\t\t\t\t\t<\/div>\n\t\t<\/div>\n\t\t\t\t\t<\/div>\n\t\t<\/section>\n\t\t\t\t<section data-particle_enable=\"false\" data-particle-mobile-disabled=\"false\" class=\"elementor-section elementor-top-section elementor-element elementor-element-78cf7a1f elementor-section-boxed elementor-section-height-default elementor-section-height-default\" data-id=\"78cf7a1f\" data-element_type=\"section\" data-e-type=\"section\">\n\t\t\t\t\t\t<div class=\"elementor-container elementor-column-gap-default\">\n\t\t\t\t\t<div class=\"elementor-column elementor-col-100 elementor-top-column elementor-element elementor-element-5b9a7d6e\" data-id=\"5b9a7d6e\" data-element_type=\"column\" data-e-type=\"column\">\n\t\t\t<div class=\"elementor-widget-wrap elementor-element-populated\">\n\t\t\t\t\t\t<div class=\"elementor-element elementor-element-44c989c1 elementor-widget elementor-widget-heading\" data-id=\"44c989c1\" data-element_type=\"widget\" data-e-type=\"widget\" data-widget_type=\"heading.default\">\n\t\t\t\t<div class=\"elementor-widget-container\">\n\t\t\t\t\t<h2 class=\"elementor-heading-title elementor-size-default\">ENTDECKEN SIE UNSERE FENSTERFOLIEN\n<\/h2>\t\t\t\t<\/div>\n\t\t\t\t<\/div>\n\t\t\t\t\t<\/div>\n\t\t<\/div>\n\t\t\t\t\t<\/div>\n\t\t<\/section>\n\t\t\t\t<section data-particle_enable=\"false\" data-particle-mobile-disabled=\"false\" class=\"elementor-section elementor-top-section elementor-element elementor-element-7271a83d elementor-section-boxed elementor-section-height-default elementor-section-height-default\" data-id=\"7271a83d\" data-element_type=\"section\" data-e-type=\"section\">\n\t\t\t\t\t\t<div class=\"elementor-container elementor-column-gap-default\">\n\t\t\t\t\t<div class=\"elementor-column elementor-col-50 elementor-top-column elementor-element elementor-element-6edd6cb2\" data-id=\"6edd6cb2\" data-element_type=\"column\" data-e-type=\"column\">\n\t\t\t<div class=\"elementor-widget-wrap elementor-element-populated\">\n\t\t\t\t\t\t<div class=\"elementor-element elementor-element-36220fcb elementor-widget elementor-widget-image\" data-id=\"36220fcb\" data-element_type=\"widget\" data-e-type=\"widget\" data-widget_type=\"image.default\">\n\t\t\t\t<div class=\"elementor-widget-container\">\n\t\t\t\t\t\t\t\t\t\t\t\t\t\t\t\t<a href=\"https:\/\/xpel.be\/de\/produkte\/erstklassige-autofensterfolie\/\">\n\t\t\t\t\t\t\t<img fetchpriority=\"high\" decoding=\"async\" width=\"767\" height=\"641\" src=\"https:\/\/xpel.be\/wp-content\/uploads\/2021\/03\/Prime_brand.jpg\" class=\"attachment-large size-large wp-image-2311\" alt=\"\" srcset=\"https:\/\/xpel.be\/wp-content\/uploads\/2021\/03\/Prime_brand.jpg 767w, https:\/\/xpel.be\/wp-content\/uploads\/2021\/03\/Prime_brand-300x251.jpg 300w\" sizes=\"(max-width: 767px) 100vw, 767px\" \/>\t\t\t\t\t\t\t\t<\/a>\n\t\t\t\t\t\t\t\t\t\t\t\t\t\t\t<\/div>\n\t\t\t\t<\/div>\n\t\t\t\t\t<\/div>\n\t\t<\/div>\n\t\t\t\t<div class=\"elementor-column elementor-col-50 elementor-top-column elementor-element elementor-element-7e6aad51\" data-id=\"7e6aad51\" data-element_type=\"column\" data-e-type=\"column\">\n\t\t\t<div class=\"elementor-widget-wrap elementor-element-populated\">\n\t\t\t\t\t\t<div class=\"elementor-element elementor-element-21026ffa elementor-widget elementor-widget-heading\" data-id=\"21026ffa\" data-element_type=\"widget\" data-e-type=\"widget\" data-widget_type=\"heading.default\">\n\t\t\t\t<div class=\"elementor-widget-container\">\n\t\t\t\t\t<h3 class=\"elementor-heading-title elementor-size-default translation-block\">PRIME <sup>TM<\/sup> Autofensterfolie<\/h3>\t\t\t\t<\/div>\n\t\t\t\t<\/div>\n\t\t\t\t<div class=\"elementor-element elementor-element-4e653b15 elementor-widget elementor-widget-text-editor\" data-id=\"4e653b15\" data-element_type=\"widget\" data-e-type=\"widget\" data-widget_type=\"text-editor.default\">\n\t\t\t\t<div class=\"elementor-widget-container\">\n\t\t\t\t\t\t\t\t\t<p>Bei der T\u00f6nung von Autoscheiben geht es nicht mehr nur darum, sich bedeckt zu halten. PRIME<sup>TM<\/sup> Es sieht nicht nur cool aus, es f\u00fchlt sich auch cool an.<\/p>\t\t\t\t\t\t\t\t<\/div>\n\t\t\t\t<\/div>\n\t\t\t\t<div class=\"elementor-element elementor-element-64064d9 elementor-widget__width-auto elementor-widget elementor-widget-global elementor-global-2057 elementor-widget-button\" data-id=\"64064d9\" data-element_type=\"widget\" data-e-type=\"widget\" data-widget_type=\"button.default\">\n\t\t\t\t<div class=\"elementor-widget-container\">\n\t\t\t\t\t\t\t\t\t<div class=\"elementor-button-wrapper\">\n\t\t\t\t\t<a class=\"elementor-button elementor-button-link elementor-size-sm\" href=\"\/de\/find-your-installer\/\">\n\t\t\t\t\t\t<span class=\"elementor-button-content-wrapper\">\n\t\t\t\t\t\t<span class=\"elementor-button-icon\">\n\t\t\t\t<i aria-hidden=\"true\" class=\"fas fa-map-marker-alt\"><\/i>\t\t\t<\/span>\n\t\t\t\t\t\t\t\t\t<span class=\"elementor-button-text\">FINDEN SIE EINEN INSTALLATEUR<\/span>\n\t\t\t\t\t<\/span>\n\t\t\t\t\t<\/a>\n\t\t\t\t<\/div>\n\t\t\t\t\t\t\t\t<\/div>\n\t\t\t\t<\/div>\n\t\t\t\t<div class=\"elementor-element elementor-element-88c535c elementor-align-left yellow-white elementor-widget__width-auto elementor-widget elementor-widget-button\" data-id=\"88c535c\" data-element_type=\"widget\" data-e-type=\"widget\" data-widget_type=\"button.default\">\n\t\t\t\t<div class=\"elementor-widget-container\">\n\t\t\t\t\t\t\t\t\t<div class=\"elementor-button-wrapper\">\n\t\t\t\t\t<a class=\"elementor-button elementor-button-link elementor-size-sm\" href=\"https:\/\/xpel.be\/de\/produkte\/erstklassige-autofensterfolie\/\">\n\t\t\t\t\t\t<span class=\"elementor-button-content-wrapper\">\n\t\t\t\t\t\t<span class=\"elementor-button-icon\">\n\t\t\t\t<i aria-hidden=\"true\" class=\"fas fa-arrow-right\"><\/i>\t\t\t<\/span>\n\t\t\t\t\t\t\t\t\t<span class=\"elementor-button-text\">Mehr erfahren<\/span>\n\t\t\t\t\t<\/span>\n\t\t\t\t\t<\/a>\n\t\t\t\t<\/div>\n\t\t\t\t\t\t\t\t<\/div>\n\t\t\t\t<\/div>\n\t\t\t\t\t<\/div>\n\t\t<\/div>\n\t\t\t\t\t<\/div>\n\t\t<\/section>\n\t\t\t\t<section data-particle_enable=\"false\" data-particle-mobile-disabled=\"false\" class=\"elementor-section elementor-top-section elementor-element elementor-element-793e7fb0 elementor-section-boxed elementor-section-height-default elementor-section-height-default\" data-id=\"793e7fb0\" data-element_type=\"section\" data-e-type=\"section\">\n\t\t\t\t\t\t<div class=\"elementor-container elementor-column-gap-default\">\n\t\t\t\t\t<div class=\"elementor-column elementor-col-50 elementor-top-column elementor-element elementor-element-19d0a0c0\" data-id=\"19d0a0c0\" data-element_type=\"column\" data-e-type=\"column\">\n\t\t\t<div class=\"elementor-widget-wrap elementor-element-populated\">\n\t\t\t\t\t\t<div class=\"elementor-element elementor-element-4b4d76e elementor-widget elementor-widget-image\" data-id=\"4b4d76e\" data-element_type=\"widget\" data-e-type=\"widget\" data-widget_type=\"image.default\">\n\t\t\t\t<div class=\"elementor-widget-container\">\n\t\t\t\t\t\t\t\t\t\t\t\t\t\t\t\t<a href=\"https:\/\/xpel.be\/de\/produkte\/fensterfilm\/erstklassige-autofensterfolie\/\">\n\t\t\t\t\t\t\t<img decoding=\"async\" width=\"767\" height=\"510\" data-src=\"https:\/\/xpel.be\/wp-content\/uploads\/2022\/06\/XPEL-VISION-window-film-commercial.jpg\" class=\"attachment-large size-large wp-image-2992 lazyload\" alt=\"\" data-srcset=\"https:\/\/xpel.be\/wp-content\/uploads\/2022\/06\/XPEL-VISION-window-film-commercial.jpg 767w, https:\/\/xpel.be\/wp-content\/uploads\/2022\/06\/XPEL-VISION-window-film-commercial-300x199.jpg 300w, https:\/\/xpel.be\/wp-content\/uploads\/2022\/06\/XPEL-VISION-window-film-commercial-18x12.jpg 18w\" data-sizes=\"(max-width: 767px) 100vw, 767px\" src=\"data:image\/svg+xml;base64,PHN2ZyB3aWR0aD0iMSIgaGVpZ2h0PSIxIiB4bWxucz0iaHR0cDovL3d3dy53My5vcmcvMjAwMC9zdmciPjwvc3ZnPg==\" style=\"--smush-placeholder-width: 767px; --smush-placeholder-aspect-ratio: 767\/510;\" \/>\t\t\t\t\t\t\t\t<\/a>\n\t\t\t\t\t\t\t\t\t\t\t\t\t\t\t<\/div>\n\t\t\t\t<\/div>\n\t\t\t\t\t<\/div>\n\t\t<\/div>\n\t\t\t\t<div class=\"elementor-column elementor-col-50 elementor-top-column elementor-element elementor-element-6a624674\" data-id=\"6a624674\" data-element_type=\"column\" data-e-type=\"column\">\n\t\t\t<div class=\"elementor-widget-wrap elementor-element-populated\">\n\t\t\t\t\t\t<div class=\"elementor-element elementor-element-7585f7a7 elementor-widget elementor-widget-heading\" data-id=\"7585f7a7\" data-element_type=\"widget\" data-e-type=\"widget\" data-widget_type=\"heading.default\">\n\t\t\t\t<div class=\"elementor-widget-container\">\n\t\t\t\t\t<h3 class=\"elementor-heading-title elementor-size-default\">VISION<sup>TM<\/sup> FENSTERFOLIE F\u00dcR HAUS UND B\u00dcRO\n<\/h3>\t\t\t\t<\/div>\n\t\t\t\t<\/div>\n\t\t\t\t<div class=\"elementor-element elementor-element-275a0c10 elementor-widget elementor-widget-text-editor\" data-id=\"275a0c10\" data-element_type=\"widget\" data-e-type=\"widget\" data-widget_type=\"text-editor.default\">\n\t\t\t\t<div class=\"elementor-widget-container translation-block\">Es ist an der Zeit, Ihr Zuhause, Ihr B\u00fcro und Ihre pers\u00f6nlichen R\u00e4ume mit VISION <sup>TM<\/sup> Home &amp; Office-Fensterfolie zu \u00fcberdenken.<\/div>\n\t\t\t\t<\/div>\n\t\t\t\t<div class=\"elementor-element elementor-element-7f8634a elementor-widget__width-auto elementor-widget elementor-widget-global elementor-global-2057 elementor-widget-button\" data-id=\"7f8634a\" data-element_type=\"widget\" data-e-type=\"widget\" data-widget_type=\"button.default\">\n\t\t\t\t<div class=\"elementor-widget-container\">\n\t\t\t\t\t\t\t\t\t<div class=\"elementor-button-wrapper\">\n\t\t\t\t\t<a class=\"elementor-button elementor-button-link elementor-size-sm\" href=\"\/de\/find-your-installer\/\">\n\t\t\t\t\t\t<span class=\"elementor-button-content-wrapper\">\n\t\t\t\t\t\t<span class=\"elementor-button-icon\">\n\t\t\t\t<i aria-hidden=\"true\" class=\"fas fa-map-marker-alt\"><\/i>\t\t\t<\/span>\n\t\t\t\t\t\t\t\t\t<span class=\"elementor-button-text\">FINDEN SIE EINEN INSTALLATEUR<\/span>\n\t\t\t\t\t<\/span>\n\t\t\t\t\t<\/a>\n\t\t\t\t<\/div>\n\t\t\t\t\t\t\t\t<\/div>\n\t\t\t\t<\/div>\n\t\t\t\t<div class=\"elementor-element elementor-element-447ea15 elementor-align-left yellow-white elementor-widget__width-auto elementor-widget elementor-widget-button\" data-id=\"447ea15\" data-element_type=\"widget\" data-e-type=\"widget\" data-widget_type=\"button.default\">\n\t\t\t\t<div class=\"elementor-widget-container\">\n\t\t\t\t\t\t\t\t\t<div class=\"elementor-button-wrapper\">\n\t\t\t\t\t<a class=\"elementor-button elementor-button-link elementor-size-sm\" href=\"https:\/\/xpel.be\/de\/produkte\/fensterfilm\/erstklassige-autofensterfolie\/\">\n\t\t\t\t\t\t<span class=\"elementor-button-content-wrapper\">\n\t\t\t\t\t\t<span class=\"elementor-button-icon\">\n\t\t\t\t<i aria-hidden=\"true\" class=\"fas fa-arrow-right\"><\/i>\t\t\t<\/span>\n\t\t\t\t\t\t\t\t\t<span class=\"elementor-button-text\">Mehr erfahren<\/span>\n\t\t\t\t\t<\/span>\n\t\t\t\t\t<\/a>\n\t\t\t\t<\/div>\n\t\t\t\t\t\t\t\t<\/div>\n\t\t\t\t<\/div>\n\t\t\t\t\t<\/div>\n\t\t<\/div>\n\t\t\t\t\t<\/div>\n\t\t<\/section>\n\t\t\t\t<\/div>","protected":false},"excerpt":{"rendered":"<p>Raamfolie ONTDEK ONZE RAAMFOLIES PRIMETM autoruitfolie Het tinten van autoruiten gaat niet meer alleen om het houden van een laag profiel. PRIMETM ziet er niet alleen cool uit, het voelt ook cool aan. VIND EEN INSTALLATEUR MEER INFORMATIE VISIONTM RAAMFOLIE VOOR HUIS EN KANTOOR Het is tijd om een nieuwe kijk op uw huis, kantoor &#8230; <a title=\"Fensterfolie\" class=\"read-more\" href=\"https:\/\/xpel.be\/de\/produkte\/fensterfilm\/\" aria-label=\"Mehr Informationen \u00fcber Window Film\">Weiterlesen<\/a><\/p>","protected":false},"author":8,"featured_media":0,"parent":207,"menu_order":0,"comment_status":"closed","ping_status":"closed","template":"elementor_header_footer","meta":{"content-type":"","footnotes":""},"class_list":["post-3065","page","type-page","status-publish"],"yoast_head":"<!-- This site is optimized with the Yoast SEO plugin v27.2 - https:\/\/yoast.com\/product\/yoast-seo-wordpress\/ -->\n<title>Window Film - XPEL Belgium<\/title>\n<meta name=\"robots\" content=\"index, follow, max-snippet:-1, max-image-preview:large, max-video-preview:-1\" \/>\n<link rel=\"canonical\" href=\"https:\/\/xpel.be\/de\/produkte\/fensterfilm\/\" \/>\n<meta property=\"og:locale\" content=\"de_DE\" \/>\n<meta property=\"og:type\" content=\"article\" \/>\n<meta property=\"og:title\" content=\"Window Film - XPEL Belgium\" \/>\n<meta property=\"og:description\" content=\"Raamfolie ONTDEK ONZE RAAMFOLIES PRIMETM autoruitfolie Het tinten van autoruiten gaat niet meer alleen om het houden van een laag profiel. PRIMETM ziet er niet alleen cool uit, het voelt ook cool aan. VIND EEN INSTALLATEUR MEER INFORMATIE VISIONTM RAAMFOLIE VOOR HUIS EN KANTOOR Het is tijd om een nieuwe kijk op uw huis, kantoor ... Weiterlesen\" \/>\n<meta property=\"og:url\" content=\"https:\/\/xpel.be\/de\/produkte\/fensterfilm\/\" \/>\n<meta property=\"og:site_name\" content=\"XPEL Belgium\" \/>\n<meta property=\"article:modified_time\" content=\"2022-07-29T18:28:30+00:00\" \/>\n<meta property=\"og:image\" content=\"https:\/\/xpel.be\/wp-content\/uploads\/2021\/03\/Prime_brand.jpg\" \/>\n<meta name=\"twitter:card\" content=\"summary_large_image\" \/>\n<meta name=\"twitter:label1\" content=\"Gesch\u00e4tzte Lesezeit\" \/>\n\t<meta name=\"twitter:data1\" content=\"1 Minute\" \/>\n<script type=\"application\/ld+json\" class=\"yoast-schema-graph\">{\"@context\":\"https:\/\/schema.org\",\"@graph\":[{\"@type\":\"WebPage\",\"@id\":\"https:\/\/xpel.be\/producten\/raamfolie\/\",\"url\":\"https:\/\/xpel.be\/producten\/raamfolie\/\",\"name\":\"Window Film - XPEL Belgium\",\"isPartOf\":{\"@id\":\"https:\/\/xpel.be\/fr\/#website\"},\"primaryImageOfPage\":{\"@id\":\"https:\/\/xpel.be\/producten\/raamfolie\/#primaryimage\"},\"image\":{\"@id\":\"https:\/\/xpel.be\/producten\/raamfolie\/#primaryimage\"},\"thumbnailUrl\":\"https:\/\/xpel.be\/wp-content\/uploads\/2021\/03\/Prime_brand.jpg\",\"datePublished\":\"2022-06-13T16:15:51+00:00\",\"dateModified\":\"2022-07-29T18:28:30+00:00\",\"breadcrumb\":{\"@id\":\"https:\/\/xpel.be\/producten\/raamfolie\/#breadcrumb\"},\"inLanguage\":\"de-DE\",\"potentialAction\":[{\"@type\":\"ReadAction\",\"target\":[\"https:\/\/xpel.be\/producten\/raamfolie\/\"]}]},{\"@type\":\"ImageObject\",\"inLanguage\":\"de-DE\",\"@id\":\"https:\/\/xpel.be\/producten\/raamfolie\/#primaryimage\",\"url\":\"https:\/\/xpel.be\/wp-content\/uploads\/2021\/03\/Prime_brand.jpg\",\"contentUrl\":\"https:\/\/xpel.be\/wp-content\/uploads\/2021\/03\/Prime_brand.jpg\"},{\"@type\":\"BreadcrumbList\",\"@id\":\"https:\/\/xpel.be\/producten\/raamfolie\/#breadcrumb\",\"itemListElement\":[{\"@type\":\"ListItem\",\"position\":1,\"name\":\"Huis\",\"item\":\"https:\/\/xpel.be\/\"},{\"@type\":\"ListItem\",\"position\":2,\"name\":\"Producten\",\"item\":\"https:\/\/xpel.be\/producten\/\"},{\"@type\":\"ListItem\",\"position\":3,\"name\":\"Window Film\"}]},{\"@type\":\"WebSite\",\"@id\":\"https:\/\/xpel.be\/fr\/#website\",\"url\":\"https:\/\/xpel.be\/fr\/\",\"name\":\"XPEL Belgium\",\"description\":\"\",\"publisher\":{\"@id\":\"https:\/\/xpel.be\/fr\/#organization\"},\"potentialAction\":[{\"@type\":\"SearchAction\",\"target\":{\"@type\":\"EntryPoint\",\"urlTemplate\":\"https:\/\/xpel.be\/fr\/?s={search_term_string}\"},\"query-input\":{\"@type\":\"PropertyValueSpecification\",\"valueRequired\":true,\"valueName\":\"search_term_string\"}}],\"inLanguage\":\"de-DE\"},{\"@type\":\"Organization\",\"@id\":\"https:\/\/xpel.be\/fr\/#organization\",\"name\":\"XPEL Belgium\",\"url\":\"https:\/\/xpel.be\/fr\/\",\"logo\":{\"@type\":\"ImageObject\",\"inLanguage\":\"de-DE\",\"@id\":\"https:\/\/xpel.be\/fr\/#\/schema\/logo\/image\/\",\"url\":\"https:\/\/xpel.be\/wp-content\/uploads\/2022\/01\/XPEL_White.png\",\"contentUrl\":\"https:\/\/xpel.be\/wp-content\/uploads\/2022\/01\/XPEL_White.png\",\"width\":2604,\"height\":708,\"caption\":\"XPEL Belgium\"},\"image\":{\"@id\":\"https:\/\/xpel.be\/fr\/#\/schema\/logo\/image\/\"}}]}<\/script>\n<!-- \/ Yoast SEO plugin. -->","yoast_head_json":{"title":"Fensterfolie - XPEL Belgien","robots":{"index":"index","follow":"follow","max-snippet":"max-snippet:-1","max-image-preview":"max-image-preview:large","max-video-preview":"max-video-preview:-1"},"canonical":"https:\/\/xpel.be\/de\/produkte\/fensterfilm\/","og_locale":"de_DE","og_type":"article","og_title":"Window Film - XPEL Belgium","og_description":"Raamfolie ONTDEK ONZE RAAMFOLIES PRIMETM autoruitfolie Het tinten van autoruiten gaat niet meer alleen om het houden van een laag profiel. PRIMETM ziet er niet alleen cool uit, het voelt ook cool aan. VIND EEN INSTALLATEUR MEER INFORMATIE VISIONTM RAAMFOLIE VOOR HUIS EN KANTOOR Het is tijd om een nieuwe kijk op uw huis, kantoor ... Weiterlesen","og_url":"https:\/\/xpel.be\/de\/produkte\/fensterfilm\/","og_site_name":"XPEL Belgium","article_modified_time":"2022-07-29T18:28:30+00:00","og_image":[{"url":"https:\/\/xpel.be\/wp-content\/uploads\/2021\/03\/Prime_brand.jpg","type":"","width":"","height":""}],"twitter_card":"summary_large_image","twitter_misc":{"Gesch\u00e4tzte Lesezeit":"1 Minute"},"schema":{"@context":"https:\/\/schema.org","@graph":[{"@type":"WebPage","@id":"https:\/\/xpel.be\/producten\/raamfolie\/","url":"https:\/\/xpel.be\/producten\/raamfolie\/","name":"Fensterfolie - XPEL Belgien","isPartOf":{"@id":"https:\/\/xpel.be\/fr\/#website"},"primaryImageOfPage":{"@id":"https:\/\/xpel.be\/producten\/raamfolie\/#primaryimage"},"image":{"@id":"https:\/\/xpel.be\/producten\/raamfolie\/#primaryimage"},"thumbnailUrl":"https:\/\/xpel.be\/wp-content\/uploads\/2021\/03\/Prime_brand.jpg","datePublished":"2022-06-13T16:15:51+00:00","dateModified":"2022-07-29T18:28:30+00:00","breadcrumb":{"@id":"https:\/\/xpel.be\/producten\/raamfolie\/#breadcrumb"},"inLanguage":"de-DE","potentialAction":[{"@type":"ReadAction","target":["https:\/\/xpel.be\/producten\/raamfolie\/"]}]},{"@type":"ImageObject","inLanguage":"de-DE","@id":"https:\/\/xpel.be\/producten\/raamfolie\/#primaryimage","url":"https:\/\/xpel.be\/wp-content\/uploads\/2021\/03\/Prime_brand.jpg","contentUrl":"https:\/\/xpel.be\/wp-content\/uploads\/2021\/03\/Prime_brand.jpg"},{"@type":"BreadcrumbList","@id":"https:\/\/xpel.be\/producten\/raamfolie\/#breadcrumb","itemListElement":[{"@type":"ListItem","position":1,"name":"Huis","item":"https:\/\/xpel.be\/"},{"@type":"ListItem","position":2,"name":"Producten","item":"https:\/\/xpel.be\/producten\/"},{"@type":"ListItem","position":3,"name":"Window Film"}]},{"@type":"WebSite","@id":"https:\/\/xpel.be\/fr\/#website","url":"https:\/\/xpel.be\/fr\/","name":"XPEL Belgien","description":"","publisher":{"@id":"https:\/\/xpel.be\/fr\/#organization"},"potentialAction":[{"@type":"SearchAction","target":{"@type":"EntryPoint","urlTemplate":"https:\/\/xpel.be\/fr\/?s={search_term_string}"},"query-input":{"@type":"PropertyValueSpecification","valueRequired":true,"valueName":"search_term_string"}}],"inLanguage":"de-DE"},{"@type":"Organization","@id":"https:\/\/xpel.be\/fr\/#organization","name":"XPEL Belgien","url":"https:\/\/xpel.be\/fr\/","logo":{"@type":"ImageObject","inLanguage":"de-DE","@id":"https:\/\/xpel.be\/fr\/#\/schema\/logo\/image\/","url":"https:\/\/xpel.be\/wp-content\/uploads\/2022\/01\/XPEL_White.png","contentUrl":"https:\/\/xpel.be\/wp-content\/uploads\/2022\/01\/XPEL_White.png","width":2604,"height":708,"caption":"XPEL Belgium"},"image":{"@id":"https:\/\/xpel.be\/fr\/#\/schema\/logo\/image\/"}}]}},"_links":{"self":[{"href":"https:\/\/xpel.be\/de\/wp-json\/wp\/v2\/pages\/3065","targetHints":{"allow":["GET"]}}],"collection":[{"href":"https:\/\/xpel.be\/de\/wp-json\/wp\/v2\/pages"}],"about":[{"href":"https:\/\/xpel.be\/de\/wp-json\/wp\/v2\/types\/page"}],"author":[{"embeddable":true,"href":"https:\/\/xpel.be\/de\/wp-json\/wp\/v2\/users\/8"}],"replies":[{"embeddable":true,"href":"https:\/\/xpel.be\/de\/wp-json\/wp\/v2\/comments?post=3065"}],"version-history":[{"count":0,"href":"https:\/\/xpel.be\/de\/wp-json\/wp\/v2\/pages\/3065\/revisions"}],"up":[{"embeddable":true,"href":"https:\/\/xpel.be\/de\/wp-json\/wp\/v2\/pages\/207"}],"wp:attachment":[{"href":"https:\/\/xpel.be\/de\/wp-json\/wp\/v2\/media?parent=3065"}],"curies":[{"name":"wp","href":"https:\/\/api.w.org\/{rel}","templated":true}]}}